{"id":6539,"date":"2026-02-05T08:30:00","date_gmt":"2026-02-05T07:30:00","guid":{"rendered":"https:\/\/recoverynestcare.es\/?page_id=6539"},"modified":"2026-02-05T08:30:09","modified_gmt":"2026-02-05T07:30:09","slug":"book-2","status":"publish","type":"page","link":"https:\/\/recoverynestcare.es\/en\/book-2\/","title":{"rendered":"Book"},"content":{"rendered":"<p>[et_pb_section fb_built=&#8221;1&#8243; _builder_version=&#8221;4.27.4&#8243; _module_preset=&#8221;default&#8221; background_color=&#8221;rgba(27,33,50,0.5)&#8221; background_image=&#8221;https:\/\/recoverynestcare.es\/wp-content\/uploads\/2025\/01\/doctor-tomando-apuntes.webp&#8221; background_blend=&#8221;overlay&#8221; custom_padding=&#8221;70px||70px||true|&#8221; global_colors_info=&#8221;{}&#8221;][et_pb_row _builder_version=&#8221;4.16&#8243; _module_preset=&#8221;default&#8221; custom_padding=&#8221;||13px|||&#8221; global_colors_info=&#8221;{}&#8221;][et_pb_column type=&#8221;4_4&#8243; _builder_version=&#8221;4.16&#8243; _module_preset=&#8221;default&#8221; global_colors_info=&#8221;{}&#8221;][et_pb_text _builder_version=&#8221;4.27.4&#8243; _module_preset=&#8221;default&#8221; header_text_color=&#8221;#ffffff&#8221; header_font_size=&#8221;50px&#8221; custom_margin=&#8221;||12px|||&#8221; global_colors_info=&#8221;{}&#8221;]<\/p>\n<h1>Informations et r\u00e9servations<\/h1>\n<p>[\/et_pb_text][et_pb_text _builder_version=&#8221;4.27.4&#8243; _module_preset=&#8221;default&#8221; header_2_font=&#8221;|300|||||||&#8221; header_2_text_color=&#8221;#FFFFFF&#8221; header_2_font_size=&#8221;30px&#8221; header_2_line_height=&#8221;1.6em&#8221; custom_margin=&#8221;||20px|||&#8221; global_colors_info=&#8221;{}&#8221;]<\/p>\n<h2>Remplissez le formulaire et nous vous contacterons dans un d\u00e9lai de 24 \u00e0 48 heures.<\/h2>\n<p>[\/et_pb_text][\/et_pb_column][\/et_pb_row][\/et_pb_section][et_pb_section fb_built=&#8221;1&#8243; _builder_version=&#8221;4.16&#8243; _module_preset=&#8221;default&#8221; custom_padding=&#8221;34px||6px|||&#8221; global_colors_info=&#8221;{}&#8221;][et_pb_row _builder_version=&#8221;4.27.4&#8243; _module_preset=&#8221;default&#8221; global_colors_info=&#8221;{}&#8221;][et_pb_column type=&#8221;4_4&#8243; _builder_version=&#8221;4.16&#8243; _module_preset=&#8221;default&#8221; global_colors_info=&#8221;{}&#8221;][et_pb_text _builder_version=&#8221;4.27.4&#8243; _module_preset=&#8221;default&#8221; text_text_color=&#8221;#FFFFFF&#8221; text_font_size=&#8221;18px&#8221; background_color=&#8221;#378189&#8243; custom_padding=&#8221;5px|5px|5px|5px|true|true&#8221; border_radii=&#8221;on|5px|5px|5px|5px&#8221; global_colors_info=&#8221;{}&#8221;]<\/p>\n<p style=\"text-align: center;\">Vous recevrez un courriel dans les 24 \u00e0 48 heures confirmant votre r\u00e9servation et devrez remplir un formulaire de donn\u00e9es cliniques.<\/p>\n<p>[\/et_pb_text][et_pb_text _builder_version=&#8221;4.27.4&#8243; _module_preset=&#8221;default&#8221; header_6_font=&#8221;&#8211;et_global_body_font||||||||&#8221; header_6_text_color=&#8221;#757575&#8243; header_6_font_size=&#8221;13px&#8221; global_colors_info=&#8221;{}&#8221;]<\/p>\n<p>Vous pouvez \u00e9galement nous contacter par WhatsApp ou par t\u00e9l\u00e9phone au <a href=\"680690813\">680690813<\/a> ou par email \u00e0 <a href=\"mailto:info@rescoverynestcare.es\">info@recoverynestcare.es<\/a><\/p>\n<p><span style=\"font-weight: 400;\"><\/span><\/p>\n<h6><span style=\"font-weight: 400;\"><strong>Responsable: RECOVERY NESTCARE S.L.<\/strong><br \/><strong>Objectif :<\/strong> R\u00e9pondre aux questions pos\u00e9es et initier le processus de demande de r\u00e9servation.<br \/><strong>L\u00e9gitimaci\u00f3n:<\/strong> Consentement de l&#8217;int\u00e9ress\u00e9.<br \/><strong>Destinataires :<\/strong> Les donn\u00e9es ne seront pas c\u00e9d\u00e9es \u00e0 des tiers sauf dans les cas o\u00f9 il existe une obligation l\u00e9gale. Dans tous les cas, les donn\u00e9es que vous nous fournissez sont situ\u00e9es sur des serveurs dont le si\u00e8ge social est situ\u00e9 sur le territoire de l&#8217;UE. Dans le cas de la non-appartenance \u00e0 l&#8217;UE, une information pr\u00e9alable est fournie et cela n&#8217;est fait qu&#8217;avec le consentement expr\u00e8s de l&#8217;utilisateur ou par le biais de clauses contractuelles types pour le transfert de donn\u00e9es personnelles entre responsables du traitement vers un pays tiers, ou en adh\u00e9rant au cadre de confidentialit\u00e9 des donn\u00e9es UE-\u00c9tats-Unis (DPF). En raison de l&#8217;utilisation de Google Fonts, certaines de vos donn\u00e9es (telles que votre adresse IP) peuvent \u00eatre trait\u00e9es dans le but de fournir le service appropri\u00e9.  <br \/><strong>Droits : <\/strong>Acc\u00e9der, rectifier et supprimer les donn\u00e9es, ainsi que d&#8217;autres droits, comme expliqu\u00e9 dans les informations compl\u00e9mentaires.<\/span><\/h6>\n<h6><span style=\"font-weight: 400;\"><strong>DPO:<\/strong> David Garc\u00eda Rodr\u00edguez<\/span><span style=\"font-weight: 400;\"><\/span><\/h6>\n<p>[\/et_pb_text][et_pb_contact_form email=&#8221;reservas@recoverynestcare.es&#8221; title=&#8221;Formulaire de R\u00e9servation&#8221; custom_message=&#8221;****** FORMULARIO DE RESERVA RECOVERY NESTCARE ******||et_pb_line_break_holder||||et_pb_line_break_holder||||et_pb_line_break_holder||Nombre y apellidos: %%nombre_y_apellidos%%||et_pb_line_break_holder||Domicilio:%%domicilio%%||et_pb_line_break_holder||DNI o Pasaporte: %%dni_pasaporte%%||et_pb_line_break_holder||Tel\u00e9fono: %%Telefono%%||et_pb_line_break_holder||Email: %%Email%%||et_pb_line_break_holder||Fecha de ingreso a estancia: %%fecha_de_ingreso_a_estancia%%||et_pb_line_break_holder||Fecha de alta de la estancia: %%fecha_de_alta_de_estancia%%||et_pb_line_break_holder||Fecha de cirug\u00eda: %%fecha_de_cirugia%%||et_pb_line_break_holder||Observaciones: %%Observaciones%%||et_pb_line_break_holder||||et_pb_line_break_holder||\u00bfEs mayor de 18 a\u00f1os?: %%mayor_18_anos%%||et_pb_line_break_holder||Acepta la Pol\u00edtica de Privacidad: %%politica_privacidad%%||et_pb_line_break_holder||||et_pb_line_break_holder||||et_pb_line_break_holder||****** FIN DEL MENSAJE ******||et_pb_line_break_holder||&#8221; use_redirect=&#8221;on&#8221; redirect_url=&#8221;https:\/\/recoverynestcare.es\/en\/thank-you\/&#8221; submit_button_text=&#8221;Envoyer un message&#8221; _builder_version=&#8221;4.27.4&#8243; _module_preset=&#8221;default&#8221; _unique_id=&#8221;e7b7f1c2-6b0a-4657-8f2c-6fcbb554ae77&#8243; form_field_background_color=&#8221;#ffffff&#8221; form_field_text_color=&#8221;#1b2132&#8243; form_field_focus_background_color=&#8221;#ffffff&#8221; form_field_focus_text_color=&#8221;#1b2132&#8243; title_font=&#8221;|600|||||||&#8221; title_text_color=&#8221;#378189&#8243; title_font_size=&#8221;30px&#8221; form_field_font_size=&#8221;13px&#8221; background_color=&#8221;#f5f5f5&#8243; custom_padding=&#8221;30px|25px|30px|25px|true|true&#8221; custom_css_main_element=&#8221;border-radius: 10px;&#8221; border_radii=&#8221;on|4px|4px|4px|4px&#8221; box_shadow_style=&#8221;preset3&#8243; box_shadow_vertical=&#8221;0px&#8221; box_shadow_blur=&#8221;0px&#8221; box_shadow_spread=&#8221;0px&#8221; box_shadow_color=&#8221;rgba(0,0,0,0.2)&#8221; global_colors_info=&#8221;{}&#8221; box_shadow_spread__hover_enabled=&#8221;on|hover&#8221; box_shadow_blur__hover_enabled=&#8221;on|desktop&#8221; box_shadow_vertical__hover_enabled=&#8221;on|desktop&#8221; box_shadow_vertical__hover=&#8221;6px&#8221; box_shadow_blur__hover=&#8221;6px&#8221; box_shadow_spread__hover=&#8221;-6px&#8221;][et_pb_contact_field field_id=&#8221;nombre_y_apellidos&#8221; field_title=&#8221;Nom et pr\u00e9nom&#8221; fullwidth_field=&#8221;on&#8221; _builder_version=&#8221;4.27.4&#8243; global_colors_info=&#8221;{}&#8221; button_text_size__hover_enabled=&#8221;off&#8221; button_one_text_size__hover_enabled=&#8221;off&#8221; button_two_text_size__hover_enabled=&#8221;off&#8221; button_text_color__hover_enabled=&#8221;off&#8221; button_one_text_color__hover_enabled=&#8221;off&#8221; button_two_text_color__hover_enabled=&#8221;off&#8221; button_border_width__hover_enabled=&#8221;off&#8221; button_one_border_width__hover_enabled=&#8221;off&#8221; button_two_border_width__hover_enabled=&#8221;off&#8221; button_border_color__hover_enabled=&#8221;off&#8221; button_one_border_color__hover_enabled=&#8221;off&#8221; button_two_border_color__hover_enabled=&#8221;off&#8221; button_border_radius__hover_enabled=&#8221;off&#8221; button_one_border_radius__hover_enabled=&#8221;off&#8221; button_two_border_radius__hover_enabled=&#8221;off&#8221; button_letter_spacing__hover_enabled=&#8221;off&#8221; button_one_letter_spacing__hover_enabled=&#8221;off&#8221; button_two_letter_spacing__hover_enabled=&#8221;off&#8221; button_bg_color__hover_enabled=&#8221;off&#8221; button_one_bg_color__hover_enabled=&#8221;off&#8221; button_two_bg_color__hover_enabled=&#8221;off&#8221;][\/et_pb_contact_field][et_pb_contact_field field_id=&#8221;domicilio&#8221; field_title=&#8221;Domicile&#8221; fullwidth_field=&#8221;on&#8221; _builder_version=&#8221;4.27.4&#8243; global_colors_info=&#8221;{}&#8221; button_text_size__hover_enabled=&#8221;off&#8221; button_one_text_size__hover_enabled=&#8221;off&#8221; button_two_text_size__hover_enabled=&#8221;off&#8221; button_text_color__hover_enabled=&#8221;off&#8221; button_one_text_color__hover_enabled=&#8221;off&#8221; button_two_text_color__hover_enabled=&#8221;off&#8221; button_border_width__hover_enabled=&#8221;off&#8221; button_one_border_width__hover_enabled=&#8221;off&#8221; button_two_border_width__hover_enabled=&#8221;off&#8221; button_border_color__hover_enabled=&#8221;off&#8221; button_one_border_color__hover_enabled=&#8221;off&#8221; button_two_border_color__hover_enabled=&#8221;off&#8221; button_border_radius__hover_enabled=&#8221;off&#8221; button_one_border_radius__hover_enabled=&#8221;off&#8221; button_two_border_radius__hover_enabled=&#8221;off&#8221; button_letter_spacing__hover_enabled=&#8221;off&#8221; button_one_letter_spacing__hover_enabled=&#8221;off&#8221; button_two_letter_spacing__hover_enabled=&#8221;off&#8221; button_bg_color__hover_enabled=&#8221;off&#8221; button_one_bg_color__hover_enabled=&#8221;off&#8221; button_two_bg_color__hover_enabled=&#8221;off&#8221;][\/et_pb_contact_field][et_pb_contact_field field_id=&#8221;dni_pasaporte&#8221; field_title=&#8221;DNI ou passeport&#8221; _builder_version=&#8221;4.27.4&#8243; global_colors_info=&#8221;{}&#8221; button_text_size__hover_enabled=&#8221;off&#8221; button_one_text_size__hover_enabled=&#8221;off&#8221; button_two_text_size__hover_enabled=&#8221;off&#8221; button_text_color__hover_enabled=&#8221;off&#8221; button_one_text_color__hover_enabled=&#8221;off&#8221; button_two_text_color__hover_enabled=&#8221;off&#8221; button_border_width__hover_enabled=&#8221;off&#8221; button_one_border_width__hover_enabled=&#8221;off&#8221; button_two_border_width__hover_enabled=&#8221;off&#8221; button_border_color__hover_enabled=&#8221;off&#8221; button_one_border_color__hover_enabled=&#8221;off&#8221; button_two_border_color__hover_enabled=&#8221;off&#8221; button_border_radius__hover_enabled=&#8221;off&#8221; button_one_border_radius__hover_enabled=&#8221;off&#8221; button_two_border_radius__hover_enabled=&#8221;off&#8221; button_letter_spacing__hover_enabled=&#8221;off&#8221; button_one_letter_spacing__hover_enabled=&#8221;off&#8221; button_two_letter_spacing__hover_enabled=&#8221;off&#8221; button_bg_color__hover_enabled=&#8221;off&#8221; button_one_bg_color__hover_enabled=&#8221;off&#8221; button_two_bg_color__hover_enabled=&#8221;off&#8221;][\/et_pb_contact_field][et_pb_contact_field field_id=&#8221;Email&#8221; field_title=&#8221;Email&#8221; field_type=&#8221;email&#8221; _builder_version=&#8221;4.27.4&#8243; global_colors_info=&#8221;{}&#8221; button_text_size__hover_enabled=&#8221;off&#8221; button_one_text_size__hover_enabled=&#8221;off&#8221; button_two_text_size__hover_enabled=&#8221;off&#8221; button_text_color__hover_enabled=&#8221;off&#8221; button_one_text_color__hover_enabled=&#8221;off&#8221; button_two_text_color__hover_enabled=&#8221;off&#8221; button_border_width__hover_enabled=&#8221;off&#8221; button_one_border_width__hover_enabled=&#8221;off&#8221; button_two_border_width__hover_enabled=&#8221;off&#8221; button_border_color__hover_enabled=&#8221;off&#8221; button_one_border_color__hover_enabled=&#8221;off&#8221; button_two_border_color__hover_enabled=&#8221;off&#8221; button_border_radius__hover_enabled=&#8221;off&#8221; button_one_border_radius__hover_enabled=&#8221;off&#8221; button_two_border_radius__hover_enabled=&#8221;off&#8221; button_letter_spacing__hover_enabled=&#8221;off&#8221; button_one_letter_spacing__hover_enabled=&#8221;off&#8221; button_two_letter_spacing__hover_enabled=&#8221;off&#8221; button_bg_color__hover_enabled=&#8221;off&#8221; button_one_bg_color__hover_enabled=&#8221;off&#8221; button_two_bg_color__hover_enabled=&#8221;off&#8221;][\/et_pb_contact_field][et_pb_contact_field field_id=&#8221;Telefono&#8221; field_title=&#8221;T\u00e9l\u00e9phone&#8221; _builder_version=&#8221;4.27.4&#8243; _module_preset=&#8221;default&#8221; global_colors_info=&#8221;{}&#8221;][\/et_pb_contact_field][et_pb_contact_field field_id=&#8221;fecha_de_cirugia&#8221; field_title=&#8221;Date de l\u2019intervention chirurgicale (DD\/MM\/AAAA)&#8221; _builder_version=&#8221;4.27.4&#8243; _module_preset=&#8221;default&#8221; global_colors_info=&#8221;{}&#8221;][\/et_pb_contact_field][et_pb_contact_field field_id=&#8221;fecha_de_ingreso_a_estancia&#8221; field_title=&#8221;Date d\u2019admission au s\u00e9jour (DD\/MM\/AAAA)&#8221; _builder_version=&#8221;4.27.4&#8243; global_colors_info=&#8221;{}&#8221; button_text_size__hover_enabled=&#8221;off&#8221; button_one_text_size__hover_enabled=&#8221;off&#8221; button_two_text_size__hover_enabled=&#8221;off&#8221; button_text_color__hover_enabled=&#8221;off&#8221; button_one_text_color__hover_enabled=&#8221;off&#8221; button_two_text_color__hover_enabled=&#8221;off&#8221; button_border_width__hover_enabled=&#8221;off&#8221; button_one_border_width__hover_enabled=&#8221;off&#8221; button_two_border_width__hover_enabled=&#8221;off&#8221; button_border_color__hover_enabled=&#8221;off&#8221; button_one_border_color__hover_enabled=&#8221;off&#8221; button_two_border_color__hover_enabled=&#8221;off&#8221; button_border_radius__hover_enabled=&#8221;off&#8221; button_one_border_radius__hover_enabled=&#8221;off&#8221; button_two_border_radius__hover_enabled=&#8221;off&#8221; button_letter_spacing__hover_enabled=&#8221;off&#8221; button_one_letter_spacing__hover_enabled=&#8221;off&#8221; button_two_letter_spacing__hover_enabled=&#8221;off&#8221; button_bg_color__hover_enabled=&#8221;off&#8221; button_one_bg_color__hover_enabled=&#8221;off&#8221; button_two_bg_color__hover_enabled=&#8221;off&#8221;][\/et_pb_contact_field][et_pb_contact_field field_id=&#8221;fecha_de_alta_de_estancia&#8221; field_title=&#8221;Date de sortie du s\u00e9jour (DD\/MM\/AAAA)&#8221; _builder_version=&#8221;4.27.4&#8243; global_colors_info=&#8221;{}&#8221; button_text_size__hover_enabled=&#8221;off&#8221; button_one_text_size__hover_enabled=&#8221;off&#8221; button_two_text_size__hover_enabled=&#8221;off&#8221; button_text_color__hover_enabled=&#8221;off&#8221; button_one_text_color__hover_enabled=&#8221;off&#8221; button_two_text_color__hover_enabled=&#8221;off&#8221; button_border_width__hover_enabled=&#8221;off&#8221; button_one_border_width__hover_enabled=&#8221;off&#8221; button_two_border_width__hover_enabled=&#8221;off&#8221; button_border_color__hover_enabled=&#8221;off&#8221; button_one_border_color__hover_enabled=&#8221;off&#8221; button_two_border_color__hover_enabled=&#8221;off&#8221; button_border_radius__hover_enabled=&#8221;off&#8221; button_one_border_radius__hover_enabled=&#8221;off&#8221; button_two_border_radius__hover_enabled=&#8221;off&#8221; button_letter_spacing__hover_enabled=&#8221;off&#8221; button_one_letter_spacing__hover_enabled=&#8221;off&#8221; button_two_letter_spacing__hover_enabled=&#8221;off&#8221; button_bg_color__hover_enabled=&#8221;off&#8221; button_one_bg_color__hover_enabled=&#8221;off&#8221; button_two_bg_color__hover_enabled=&#8221;off&#8221;][\/et_pb_contact_field][et_pb_contact_field field_id=&#8221;Observaciones&#8221; field_title=&#8221;Remarques (indiquer la n\u00e9cessit\u00e9 de transferts suppl\u00e9mentaires \u00e0 l\u2019admission et \u00e0 la sortie pour l\u2019intervention chirurgicale et\/ou la prescription de s\u00e9ances en chambre hyperbare)&#8221; field_type=&#8221;text&#8221; required_mark=&#8221;off&#8221; fullwidth_field=&#8221;on&#8221; _builder_version=&#8221;4.27.4&#8243; _module_preset=&#8221;default&#8221; global_colors_info=&#8221;{}&#8221;][\/et_pb_contact_field][et_pb_contact_field field_id=&#8221;mayor_18_anos&#8221; field_title=&#8221; &#8221; field_type=&#8221;checkbox&#8221; checkbox_options=&#8221;%91{%22value%22:%22Je confirme que j\u2019ai plus de 18 ans.%22,%22checked%22:0,%22dragID%22:-1}%93&#8243; fullwidth_field=&#8221;on&#8221; _builder_version=&#8221;4.27.4&#8243; _module_preset=&#8221;default&#8221; global_colors_info=&#8221;{}&#8221;][\/et_pb_contact_field][et_pb_contact_field field_id=&#8221;politica_privacidad&#8221; field_title=&#8221; &#8221; field_type=&#8221;checkbox&#8221; checkbox_options=&#8221;%91{%22value%22:%22J&#039;ai lu et j&#039;accepte la Politique de Confidentialit\u00e9. %22,%22checked%22:0,%22dragID%22:-1,%22link_url%22:%22\\\/politica-de-privacidad\\\/%22}%93&#8243; fullwidth_field=&#8221;on&#8221; _builder_version=&#8221;4.27.4&#8243; _module_preset=&#8221;default&#8221; global_colors_info=&#8221;{}&#8221;][\/et_pb_contact_field][\/et_pb_contact_form][\/et_pb_column][\/et_pb_row][\/et_pb_section][et_pb_section fb_built=&#8221;1&#8243; _builder_version=&#8221;4.27.4&#8243; _module_preset=&#8221;default&#8221; custom_padding=&#8221;0px|||||&#8221; global_colors_info=&#8221;{}&#8221;][et_pb_row _builder_version=&#8221;4.27.4&#8243; _module_preset=&#8221;default&#8221; global_colors_info=&#8221;{}&#8221;][et_pb_column type=&#8221;4_4&#8243; _builder_version=&#8221;4.27.4&#8243; _module_preset=&#8221;default&#8221; global_colors_info=&#8221;{}&#8221;][et_pb_text _builder_version=&#8221;4.27.4&#8243; _module_preset=&#8221;default&#8221; header_font=&#8221;||||||||&#8221; header_text_color=&#8221;#378189&#8243; header_font_size=&#8221;40px&#8221; header_3_text_color=&#8221;#378189&#8243; global_colors_info=&#8221;{}&#8221;]<\/p>\n<h1>Informations \u00e0 prendre en compte<\/h1>\n<p>Durant votre s\u00e9jour, vous aurez acc\u00e8s \u00e0 un num\u00e9ro de t\u00e9l\u00e9phone exclusivement r\u00e9serv\u00e9 aux clients hospitalis\u00e9s 24h\/24 et 7j\/7. De cette fa\u00e7on, nous pouvons vous offrir un canal de communication direct avec notre \u00e9quipe. <\/p>\n<p>Le paiement des sommes peut \u00eatre effectu\u00e9 :<\/p>\n<ul>\n<li><strong>Par carte de cr\u00e9dit.<\/strong> En acc\u00e9dant via notre site web, vous aurez acc\u00e8s \u00e0 une plateforme de paiement s\u00e9curis\u00e9e g\u00e9r\u00e9e par l&#8217;entit\u00e9 bancaire Sabadell.<\/li>\n<li><strong>Par virement bancaire :<\/strong> Nous vous demandons d&#8217;indiquer votre nom et pr\u00e9nom lors du paiement.<\/li>\n<\/ul>\n<p><strong>Voici nos coordonn\u00e9es :<\/strong> Recovery Nestcare S.L., &#8220;Sabadell&#8221; ES14 0081 0664 90 0002053210 (BIC BSABESBB)*<\/p>\n<p>*Une pr\u00e9-r\u00e9servation sera consid\u00e9r\u00e9e comme <strong>annul\u00e9e<\/strong> si nous n&#8217;avons pas re\u00e7u le montant n\u00e9cessaire \u00e0 la formalisation dans notre syst\u00e8me dans un d\u00e9lai de 48 heures. Aucune communication n&#8217;est requise. Nous prenons en compte les dates d&#8217;effet dans notre syst\u00e8me. Dans le cas de virements bancaires, nous consid\u00e9rerons la date de r\u00e9ception des montants sur notre compte comme date de r\u00e9f\u00e9rence. Vous ne pouvez effectuer une r\u00e9servation que si vous avez plus de 18 ans.   <\/p>\n<h3>POLITIQUE D&#8217;ANNULATION<\/h3>\n<p>Annulation de r\u00e9servations ou changement de dates.<\/p>\n<p>\u2022 Le syst\u00e8me de gestion RECOVERY NESTCARE vous informera des conditions sp\u00e9cifiques d\u2019annulation et de paiement applicables \u00e0 chaque r\u00e9servation.<br \/>\u2022 Pour annuler une r\u00e9servation, une communication par email sera n\u00e9cessaire et la date de celle-ci sera prise comme r\u00e9f\u00e9rence. Les annulations par t\u00e9l\u00e9phone ne seront pas accept\u00e9es. <br \/>\u2022 Tout changement de date d\u2019intervention \u00e9quivaut \u00e0 une annulation. Il faut consid\u00e9rer que l\u2019h\u00f4pital doit g\u00e9rer des lits d\u2019h\u00f4pital et par cons\u00e9quent, ils doivent \u00eatre consid\u00e9r\u00e9s comme tels. <br \/>Si l&#8217;annulation est effectu\u00e9e jusqu&#8217;\u00e0 une semaine (7 jours) avant votre arriv\u00e9e, le montant total de votre r\u00e9servation sera rembours\u00e9.<br \/>\u2022 Si l&#8217;annulation est due \u00e0 une maladie, d\u00fbment justifi\u00e9e par un rapport m\u00e9dical, vous pourrez modifier les dates jusqu&#8217;\u00e0 48 heures \u00e0 l&#8217;avance, et la nouvelle r\u00e9servation (reprogrammation de l&#8217;intervention) devra \u00eatre effectu\u00e9e dans les 6 mois suivants.<br \/>\u2022 Si l&#8217;annulation est effectu\u00e9e apr\u00e8s 48 heures avant votre arriv\u00e9e, le montant total de votre r\u00e9servation vous sera factur\u00e9 : Frais non remboursables.<\/p>\n<h3>ADMISSION \u00c0 L\u2019H\u00d4PITAL AU CENTRE \u00ab RECOVERY HOUSE \u00bb<\/h3>\n<p>Nos centres de sant\u00e9 collaborateurs de convalescence et de suivi postop\u00e9ratoire ont \u00e9t\u00e9 choisis en fonction de leur localisation, de la formation de leurs sp\u00e9cialistes m\u00e9dicaux et infirmiers, de leur exp\u00e9rience en convalescence, de leur autorisation sanitaire en vigueur et de la certification de qualit\u00e9 de leurs processus.<\/p>\n<p>Lors de votre inscription, vous devez fournir :<br \/>\u2022 Rapports m\u00e9dicaux relatifs \u00e0 l\u2019intervention chirurgicale.<br \/>\u2022 Directives et recommandations postop\u00e9ratoires.<br \/>\u2022 Traitement pharmacologique.<br \/>\u2022 M\u00e9dicament r\u00e9gulier ind\u00e9pendant de votre processus.<br \/>\u2022 Informations sur les allergies et les intol\u00e9rances.<br \/>\u2022 Informations sur d\u2019\u00e9ventuelles pathologies ant\u00e9rieures pouvant influencer votre processus de r\u00e9tablissement.<\/p>\n<p><strong>Heures d&#8217;entr\u00e9e et de sortie de l&#8217;h\u00f4pital.<\/strong><\/p>\n<ul>\n<li>Nous garantissons les transferts pour le check-in entre les <strong>Transferts pour le check-in entre les<span> <\/span><span>8h30 et 19h30. En dehors de ces horaires, l\u2019entr\u00e9e et la sortie ne sont pas autoris\u00e9es. <\/span><\/strong> Si vos besoins sont diff\u00e9rents, contactez-nous et nous essayerons de nous adapter \u00e0 vos exigences.<\/li>\n<li>Les transferts \u00e0 effectuer le jour de l&#8217;intervention s&#8217;il y a pr\u00e9-admission et apr\u00e8s la sortie de l&#8217;op\u00e9ration sont inclus.<\/li>\n<li>Les d\u00e9parts le jour de la sortie de l&#8217;h\u00f4pital doivent \u00eatre effectu\u00e9s avant 14h00. A partir de ce moment, une nuit suppl\u00e9mentaire sera prise en compte. <\/li>\n<li>Vous devez nous contacter si vous avez besoin de prolonger votre s\u00e9jour contractuel pour v\u00e9rifier la disponibilit\u00e9 du centre hospitalier de convalescence.<\/li>\n<\/ul>\n<p>[\/et_pb_text][\/et_pb_column][\/et_pb_row][\/et_pb_section][et_pb_section fb_built=&#8221;1&#8243; fullwidth=&#8221;on&#8221; disabled_on=&#8221;on|on|on&#8221; _builder_version=&#8221;4.27.4&#8243; _module_preset=&#8221;default&#8221; custom_margin=&#8221;0px||0px||false|false&#8221; custom_padding=&#8221;0px||0px||false|false&#8221; disabled=&#8221;on&#8221; global_colors_info=&#8221;{}&#8221;][et_pb_fullwidth_code _builder_version=&#8221;4.16&#8243; _module_preset=&#8221;default&#8221; global_colors_info=&#8221;{}&#8221;]<iframe loading=\"lazy\" src=\"https:\/\/www.google.com\/maps\/embed?pb=!1m18!1m12!1m3!1d14325.256864924788!2d-86.76426098830086!3d21.116019641103154!2m3!1f0!2f0!3f0!3m2!1i1024!2i768!4f13.1!3m3!1m2!1s0x8f4c2935a86d2fdb%3A0xbff455c89905efe4!2sPark%20Royal%20Beach%20Canc%C3%BAn!5e0!3m2!1ses-419!2smx!4v1605315428205!5m2!1ses-419!2smx\" width=\"100%\" height=\"550\" frameborder=\"0\" style=\"border:0;\" allowfullscreen=\"\" aria-hidden=\"false\" tabindex=\"0\"><\/iframe>[\/et_pb_fullwidth_code][\/et_pb_section]<\/p>\n","protected":false},"excerpt":{"rendered":"<p>Informations et r\u00e9servationsRemplissez le formulaire et nous vous contacterons dans un d\u00e9lai de 24 \u00e0 48 heures.Vous recevrez un courriel dans les 24 \u00e0 48 heures confirmant votre r\u00e9servation et devrez remplir un formulaire de donn\u00e9es cliniques.Vous pouvez \u00e9galement nous contacter par WhatsApp ou par t\u00e9l\u00e9phone au 680690813 ou par email \u00e0 info@recoverynestcare.es Responsable: RECOVERY [&hellip;]<\/p>\n","protected":false},"author":4,"featured_media":0,"parent":0,"menu_order":0,"comment_status":"closed","ping_status":"closed","template":"","meta":{"_et_pb_use_builder":"on","_et_pb_old_content":"","_et_gb_content_width":"","_joinchat":[],"footnotes":""},"class_list":["post-6539","page","type-page","status-publish","hentry"],"_links":{"self":[{"href":"https:\/\/recoverynestcare.es\/en\/wp-json\/wp\/v2\/pages\/6539","targetHints":{"allow":["GET"]}}],"collection":[{"href":"https:\/\/recoverynestcare.es\/en\/wp-json\/wp\/v2\/pages"}],"about":[{"href":"https:\/\/recoverynestcare.es\/en\/wp-json\/wp\/v2\/types\/page"}],"author":[{"embeddable":true,"href":"https:\/\/recoverynestcare.es\/en\/wp-json\/wp\/v2\/users\/4"}],"replies":[{"embeddable":true,"href":"https:\/\/recoverynestcare.es\/en\/wp-json\/wp\/v2\/comments?post=6539"}],"version-history":[{"count":3,"href":"https:\/\/recoverynestcare.es\/en\/wp-json\/wp\/v2\/pages\/6539\/revisions"}],"predecessor-version":[{"id":6550,"href":"https:\/\/recoverynestcare.es\/en\/wp-json\/wp\/v2\/pages\/6539\/revisions\/6550"}],"wp:attachment":[{"href":"https:\/\/recoverynestcare.es\/en\/wp-json\/wp\/v2\/media?parent=6539"}],"curies":[{"name":"wp","href":"https:\/\/api.w.org\/{rel}","templated":true}]}}