{"id":5929,"date":"2025-01-23T12:42:07","date_gmt":"2025-01-23T11:42:07","guid":{"rendered":"https:\/\/recoverynestcare.es\/caisson-hyperbare\/"},"modified":"2025-02-12T13:33:20","modified_gmt":"2025-02-12T12:33:20","slug":"caisson-hyperbare","status":"publish","type":"page","link":"https:\/\/recoverynestcare.es\/fr\/caisson-hyperbare\/","title":{"rendered":"Caisson hyperbare"},"content":{"rendered":"<p>[et_pb_section fb_built=\u00a0\u00bb1&Prime; _builder_version=\u00a0\u00bb4.27.4&Prime; _module_preset=\u00a0\u00bbdefault\u00a0\u00bb background_color=\u00a0\u00bbrgba(27,33,50,0.66)\u00a0\u00bb background_image=\u00a0\u00bbhttps:\/\/recoverynestcare.es\/wp-content\/uploads\/2025\/01\/camara-hiperbarica-img.webp\u00a0\u00bb background_blend=\u00a0\u00bboverlay\u00a0\u00bb custom_padding=\u00a0\u00bb70px||70px||true|\u00a0\u00bb global_colors_info=\u00a0\u00bb{}\u00a0\u00bb][et_pb_row _builder_version=\u00a0\u00bb4.16&Prime; _module_preset=\u00a0\u00bbdefault\u00a0\u00bb global_colors_info=\u00a0\u00bb{}\u00a0\u00bb][et_pb_column type=\u00a0\u00bb4_4&Prime; _builder_version=\u00a0\u00bb4.16&Prime; _module_preset=\u00a0\u00bbdefault\u00a0\u00bb global_colors_info=\u00a0\u00bb{}\u00a0\u00bb][et_pb_text _builder_version=\u00a0\u00bb4.27.4&Prime; _module_preset=\u00a0\u00bbdefault\u00a0\u00bb header_text_color=\u00a0\u00bb#ffffff\u00a0\u00bb header_font_size=\u00a0\u00bb50px\u00a0\u00bb custom_margin=\u00a0\u00bb||12px|||\u00a0\u00bb global_colors_info=\u00a0\u00bb{}\u00a0\u00bb]<\/p>\n<h1>Caisson hyperbare<\/h1>\n<p>[\/et_pb_text][\/et_pb_column][\/et_pb_row][\/et_pb_section][et_pb_section fb_built=\u00a0\u00bb1&Prime; _builder_version=\u00a0\u00bb4.16&Prime; _module_preset=\u00a0\u00bbdefault\u00a0\u00bb custom_padding=\u00a0\u00bb37px|||||\u00a0\u00bb global_colors_info=\u00a0\u00bb{}\u00a0\u00bb][et_pb_row _builder_version=\u00a0\u00bb4.27.4&Prime; _module_preset=\u00a0\u00bbdefault\u00a0\u00bb custom_padding=\u00a0\u00bb||11px|||\u00a0\u00bb global_colors_info=\u00a0\u00bb{}\u00a0\u00bb][et_pb_column type=\u00a0\u00bb4_4&Prime; _builder_version=\u00a0\u00bb4.27.4&Prime; _module_preset=\u00a0\u00bbdefault\u00a0\u00bb global_colors_info=\u00a0\u00bb{}\u00a0\u00bb][et_pb_text _builder_version=\u00a0\u00bb4.27.4&Prime; _module_preset=\u00a0\u00bbdefault\u00a0\u00bb header_2_font_size=\u00a0\u00bb32px\u00a0\u00bb header_2_line_height=\u00a0\u00bb1.6em\u00a0\u00bb custom_margin=\u00a0\u00bb||20px|||\u00a0\u00bb global_colors_info=\u00a0\u00bb{}\u00a0\u00bb]<\/p>\n<h2>Acc\u00e8s \u00e0 une chambre hyperbare transparente (3 ATAS) avant et apr\u00e8s la chirurgie pour acc\u00e9l\u00e9rer le processus de gu\u00e9rison.<\/h2>\n<p>[\/et_pb_text][\/et_pb_column][\/et_pb_row][et_pb_row column_structure=\u00a0\u00bb1_2,1_2&Prime; disabled_on=\u00a0\u00bboff|off|on\u00a0\u00bb _builder_version=\u00a0\u00bb4.27.4&Prime; _module_preset=\u00a0\u00bbdefault\u00a0\u00bb global_colors_info=\u00a0\u00bb{}\u00a0\u00bb][et_pb_column type=\u00a0\u00bb1_2&Prime; _builder_version=\u00a0\u00bb4.27.4&Prime; _module_preset=\u00a0\u00bbdefault\u00a0\u00bb custom_css_main_element=\u00a0\u00bbmargin: auto auto;\u00a0\u00bb global_colors_info=\u00a0\u00bb{}\u00a0\u00bb][et_pb_text _builder_version=\u00a0\u00bb4.27.4&Prime; _module_preset=\u00a0\u00bbdefault\u00a0\u00bb global_colors_info=\u00a0\u00bb{}\u00a0\u00bb]<\/p>\n<p>L&rsquo;oxyg\u00e9noth\u00e9rapie hyperbare aide \u00e0 la gu\u00e9rison de diverses pathologies. Il raccourcit \u00e9galement les temps de r\u00e9cup\u00e9ration, diminue les risques de complications, r\u00e9duit les ecchymoses, les h\u00e9matomes et les inflammations et pr\u00e9vient l\u2019apparition d\u2019infections et de bact\u00e9ries. <\/p>\n<p>Ce traitement consiste \u00e0 administrer de l&rsquo;oxyg\u00e8ne pur \u00e0 l&rsquo;int\u00e9rieur d&rsquo;une chambre \u00e0 une pression sup\u00e9rieure \u00e0 la pression atmosph\u00e9rique. Cela provoque la dissolution d&rsquo;une plus grande quantit\u00e9 d&rsquo;oxyg\u00e8ne inhal\u00e9 dans le plasma, augmentant le niveau d&rsquo;oxyg\u00e8ne dans le sang, renfor\u00e7ant le syst\u00e8me immunitaire, augmentant les d\u00e9fenses de l&rsquo;organisme et acc\u00e9l\u00e9rant la cicatrisation des plaies, la gu\u00e9rison des maladies et des fractures osseuses. <\/p>\n<p>[\/et_pb_text][\/et_pb_column][et_pb_column type=\u00a0\u00bb1_2&Prime; _builder_version=\u00a0\u00bb4.27.4&Prime; _module_preset=\u00a0\u00bbdefault\u00a0\u00bb custom_css_main_element=\u00a0\u00bbmargin: auto auto;\u00a0\u00bb global_colors_info=\u00a0\u00bb{}\u00a0\u00bb][et_pb_image src=\u00a0\u00bbhttp:\/\/recoverynestcare.es\/wp-content\/uploads\/2025\/01\/camara-hiperbarica.webp\u00a0\u00bb title_text=\u00a0\u00bbcaisson-hyperbare-img\u00a0\u00bb align=\u00a0\u00bbcenter\u00a0\u00bb force_fullwidth=\u00a0\u00bbon\u00a0\u00bb _builder_version=\u00a0\u00bb4.27.4&Prime; _module_preset=\u00a0\u00bbdefault\u00a0\u00bb border_radii=\u00a0\u00bbon|25px|25px|25px|25px\u00a0\u00bb box_shadow_style=\u00a0\u00bbpreset4&Prime; box_shadow_horizontal=\u00a0\u00bb-8px\u00a0\u00bb box_shadow_vertical=\u00a0\u00bb8px\u00a0\u00bb box_shadow_color=\u00a0\u00bb#61C6C6&Prime; global_colors_info=\u00a0\u00bb{}\u00a0\u00bb][\/et_pb_image][et_pb_text _builder_version=\u00a0\u00bb4.27.4&Prime; _module_preset=\u00a0\u00bbdefault\u00a0\u00bb global_colors_info=\u00a0\u00bb{}\u00a0\u00bb]<\/p>\n<ul>\n<li>Elle est administr\u00e9e suivant la prescription de votre chirurgien et sous la direction de notre m\u00e9decin hyperbare.<\/li>\n<li>Il est \u00e9galement fortement recommand\u00e9 avant de subir une intervention chirurgicale chez les patients fumeurs.<\/li>\n<li>L&rsquo;\u00e9quipement dispose de 3 ATAS pour atteindre la dose th\u00e9rapeutique et la capsule de la chambre est compl\u00e8tement transparente pour \u00e9viter une sensation de claustrophobie pendant la s\u00e9ance.<\/li>\n<li>De nombreux chirurgiens le prescrivent pour acc\u00e9l\u00e9rer le processus de r\u00e9cup\u00e9ration.<\/li>\n<\/ul>\n<p>[\/et_pb_text][et_pb_image src=\u00a0\u00bbhttps:\/\/recoverynestcare.es\/wp-content\/uploads\/2025\/01\/mujer-en-camara-hiperbarica.webp\u00a0\u00bb title_text=\u00a0\u00bbmujer-en-camara-hiperbarica\u00a0\u00bb align=\u00a0\u00bbcenter\u00a0\u00bb force_fullwidth=\u00a0\u00bbon\u00a0\u00bb _builder_version=\u00a0\u00bb4.27.4&Prime; _module_preset=\u00a0\u00bbdefault\u00a0\u00bb border_radii=\u00a0\u00bbon|25px|25px|25px|25px\u00a0\u00bb box_shadow_style=\u00a0\u00bbpreset4&Prime; box_shadow_horizontal=\u00a0\u00bb-8px\u00a0\u00bb box_shadow_vertical=\u00a0\u00bb8px\u00a0\u00bb box_shadow_color=\u00a0\u00bb#61C6C6&Prime; global_colors_info=\u00a0\u00bb{}\u00a0\u00bb][\/et_pb_image][\/et_pb_column][\/et_pb_row][et_pb_row column_structure=\u00a0\u00bb1_2,1_2&Prime; disabled_on=\u00a0\u00bbon|on|off\u00a0\u00bb _builder_version=\u00a0\u00bb4.27.4&Prime; _module_preset=\u00a0\u00bbdefault\u00a0\u00bb global_colors_info=\u00a0\u00bb{}\u00a0\u00bb][et_pb_column type=\u00a0\u00bb1_2&Prime; _builder_version=\u00a0\u00bb4.27.4&Prime; _module_preset=\u00a0\u00bbdefault\u00a0\u00bb custom_css_main_element=\u00a0\u00bbmargin: auto auto;\u00a0\u00bb global_colors_info=\u00a0\u00bb{}\u00a0\u00bb][et_pb_text _builder_version=\u00a0\u00bb4.27.4&Prime; _module_preset=\u00a0\u00bbdefault\u00a0\u00bb global_colors_info=\u00a0\u00bb{}\u00a0\u00bb]<\/p>\n<p>L&rsquo;oxyg\u00e9noth\u00e9rapie hyperbare aide \u00e0 la gu\u00e9rison de diverses pathologies. Il raccourcit \u00e9galement les temps de r\u00e9cup\u00e9ration, diminue les risques de complications, r\u00e9duit les ecchymoses, les h\u00e9matomes et les inflammations et pr\u00e9vient l\u2019apparition d\u2019infections et de bact\u00e9ries. <\/p>\n<p>Ce traitement consiste \u00e0 administrer de l&rsquo;oxyg\u00e8ne pur \u00e0 l&rsquo;int\u00e9rieur d&rsquo;une chambre \u00e0 une pression sup\u00e9rieure \u00e0 la pression atmosph\u00e9rique. Cela provoque la dissolution d&rsquo;une plus grande quantit\u00e9 d&rsquo;oxyg\u00e8ne inhal\u00e9 dans le plasma, augmentant le niveau d&rsquo;oxyg\u00e8ne dans le sang, renfor\u00e7ant le syst\u00e8me immunitaire, augmentant les d\u00e9fenses de l&rsquo;organisme et acc\u00e9l\u00e9rant la cicatrisation des plaies, la gu\u00e9rison des maladies et des fractures osseuses. <\/p>\n<p>[\/et_pb_text][et_pb_image src=\u00a0\u00bbhttps:\/\/recoverynestcare.es\/wp-content\/uploads\/2025\/01\/mujer-en-camara-hiperbarica.webp\u00a0\u00bb title_text=\u00a0\u00bbmujer-en-camara-hiperbarica\u00a0\u00bb align=\u00a0\u00bbcenter\u00a0\u00bb force_fullwidth=\u00a0\u00bbon\u00a0\u00bb _builder_version=\u00a0\u00bb4.27.4&Prime; _module_preset=\u00a0\u00bbdefault\u00a0\u00bb border_radii=\u00a0\u00bbon|25px|25px|25px|25px\u00a0\u00bb box_shadow_style=\u00a0\u00bbpreset4&Prime; box_shadow_horizontal=\u00a0\u00bb-8px\u00a0\u00bb box_shadow_vertical=\u00a0\u00bb8px\u00a0\u00bb box_shadow_color=\u00a0\u00bb#61C6C6&Prime; global_colors_info=\u00a0\u00bb{}\u00a0\u00bb][\/et_pb_image][\/et_pb_column][et_pb_column type=\u00a0\u00bb1_2&Prime; _builder_version=\u00a0\u00bb4.27.4&Prime; _module_preset=\u00a0\u00bbdefault\u00a0\u00bb custom_css_main_element=\u00a0\u00bbmargin: auto auto;\u00a0\u00bb global_colors_info=\u00a0\u00bb{}\u00a0\u00bb][et_pb_image src=\u00a0\u00bbhttp:\/\/recoverynestcare.es\/wp-content\/uploads\/2025\/01\/camara-hiperbarica.webp\u00a0\u00bb title_text=\u00a0\u00bbcaisson-hyperbare-img\u00a0\u00bb align=\u00a0\u00bbcenter\u00a0\u00bb force_fullwidth=\u00a0\u00bbon\u00a0\u00bb _builder_version=\u00a0\u00bb4.27.4&Prime; _module_preset=\u00a0\u00bbdefault\u00a0\u00bb border_radii=\u00a0\u00bbon|25px|25px|25px|25px\u00a0\u00bb box_shadow_style=\u00a0\u00bbpreset4&Prime; box_shadow_horizontal=\u00a0\u00bb-8px\u00a0\u00bb box_shadow_vertical=\u00a0\u00bb8px\u00a0\u00bb box_shadow_color=\u00a0\u00bb#61C6C6&Prime; global_colors_info=\u00a0\u00bb{}\u00a0\u00bb][\/et_pb_image][et_pb_text _builder_version=\u00a0\u00bb4.27.4&Prime; _module_preset=\u00a0\u00bbdefault\u00a0\u00bb global_colors_info=\u00a0\u00bb{}\u00a0\u00bb]<\/p>\n<ul>\n<li>Elle est administr\u00e9e suivant la prescription de votre chirurgien et sous la direction de notre m\u00e9decin hyperbare.<\/li>\n<li>Il est \u00e9galement fortement recommand\u00e9 avant de subir une intervention chirurgicale chez les patients fumeurs.<\/li>\n<li>L&rsquo;\u00e9quipement dispose de 3 ATAS pour atteindre la dose th\u00e9rapeutique et la capsule de la chambre est compl\u00e8tement transparente pour \u00e9viter une sensation de claustrophobie pendant la s\u00e9ance.<\/li>\n<li>De nombreux chirurgiens le prescrivent pour acc\u00e9l\u00e9rer le processus de r\u00e9cup\u00e9ration.<\/li>\n<\/ul>\n<p>[\/et_pb_text][\/et_pb_column][\/et_pb_row][\/et_pb_section]<\/p>\n","protected":false},"excerpt":{"rendered":"<p>Caisson hyperbareAcc\u00e8s \u00e0 une chambre hyperbare transparente (3 ATAS) avant et apr\u00e8s la chirurgie pour acc\u00e9l\u00e9rer le processus de gu\u00e9rison.L&rsquo;oxyg\u00e9noth\u00e9rapie hyperbare aide \u00e0 la gu\u00e9rison de diverses pathologies. Il raccourcit \u00e9galement les temps de r\u00e9cup\u00e9ration, diminue les risques de complications, r\u00e9duit les ecchymoses, les h\u00e9matomes et les inflammations et pr\u00e9vient l\u2019apparition d\u2019infections et de bact\u00e9ries. [&hellip;]<\/p>\n","protected":false},"author":2,"featured_media":0,"parent":0,"menu_order":0,"comment_status":"closed","ping_status":"closed","template":"","meta":{"_et_pb_use_builder":"on","_et_pb_old_content":"","_et_gb_content_width":"","_joinchat":[],"footnotes":""},"class_list":["post-5929","page","type-page","status-publish","hentry"],"_links":{"self":[{"href":"https:\/\/recoverynestcare.es\/fr\/wp-json\/wp\/v2\/pages\/5929","targetHints":{"allow":["GET"]}}],"collection":[{"href":"https:\/\/recoverynestcare.es\/fr\/wp-json\/wp\/v2\/pages"}],"about":[{"href":"https:\/\/recoverynestcare.es\/fr\/wp-json\/wp\/v2\/types\/page"}],"author":[{"embeddable":true,"href":"https:\/\/recoverynestcare.es\/fr\/wp-json\/wp\/v2\/users\/2"}],"replies":[{"embeddable":true,"href":"https:\/\/recoverynestcare.es\/fr\/wp-json\/wp\/v2\/comments?post=5929"}],"version-history":[{"count":13,"href":"https:\/\/recoverynestcare.es\/fr\/wp-json\/wp\/v2\/pages\/5929\/revisions"}],"predecessor-version":[{"id":6155,"href":"https:\/\/recoverynestcare.es\/fr\/wp-json\/wp\/v2\/pages\/5929\/revisions\/6155"}],"wp:attachment":[{"href":"https:\/\/recoverynestcare.es\/fr\/wp-json\/wp\/v2\/media?parent=5929"}],"curies":[{"name":"wp","href":"https:\/\/api.w.org\/{rel}","templated":true}]}}