{"id":5938,"date":"2025-01-28T13:57:07","date_gmt":"2025-01-28T12:57:07","guid":{"rendered":"https:\/\/recoverynestcare.es\/chambre-standard\/"},"modified":"2025-02-27T14:02:32","modified_gmt":"2025-02-27T13:02:32","slug":"chambre-standard","status":"publish","type":"page","link":"https:\/\/recoverynestcare.es\/fr\/chambre-standard\/","title":{"rendered":"Chambre Standard"},"content":{"rendered":"<p>[et_pb_section fb_built=\u00a0\u00bb1&Prime; _builder_version=\u00a0\u00bb4.27.4&Prime; _module_preset=\u00a0\u00bbdefault\u00a0\u00bb background_color=\u00a0\u00bbrgba(27,33,50,0.66)\u00a0\u00bb background_image=\u00a0\u00bbhttps:\/\/recoverynestcare.es\/wp-content\/uploads\/2025\/02\/habitacion-estandar-rn-e1739786049847.webp\u00a0\u00bb background_blend=\u00a0\u00bboverlay\u00a0\u00bb custom_padding=\u00a0\u00bb70px||70px||true|\u00a0\u00bb global_colors_info=\u00a0\u00bb{}\u00a0\u00bb][et_pb_row _builder_version=\u00a0\u00bb4.16&Prime; _module_preset=\u00a0\u00bbdefault\u00a0\u00bb global_colors_info=\u00a0\u00bb{}\u00a0\u00bb][et_pb_column type=\u00a0\u00bb4_4&Prime; _builder_version=\u00a0\u00bb4.16&Prime; _module_preset=\u00a0\u00bbdefault\u00a0\u00bb global_colors_info=\u00a0\u00bb{}\u00a0\u00bb][et_pb_text _builder_version=\u00a0\u00bb4.27.4&Prime; _module_preset=\u00a0\u00bbdefault\u00a0\u00bb text_text_color=\u00a0\u00bb#61C6C6&Prime; text_font_size=\u00a0\u00bb40px\u00a0\u00bb header_text_color=\u00a0\u00bb#ffffff\u00a0\u00bb header_font_size=\u00a0\u00bb50px\u00a0\u00bb custom_margin=\u00a0\u00bb||12px|||\u00a0\u00bb global_colors_info=\u00a0\u00bb{}\u00a0\u00bb]<\/p>\n<h1>Chambre Standard<\/h1>\n<p>[\/et_pb_text][\/et_pb_column][\/et_pb_row][\/et_pb_section][et_pb_section fb_built=\u00a0\u00bb1&Prime; _builder_version=\u00a0\u00bb4.16&Prime; _module_preset=\u00a0\u00bbdefault\u00a0\u00bb global_colors_info=\u00a0\u00bb{}\u00a0\u00bb][et_pb_row column_structure=\u00a0\u00bb2_5,3_5&Prime; _builder_version=\u00a0\u00bb4.27.4&Prime; _module_preset=\u00a0\u00bbdefault\u00a0\u00bb border_width_bottom=\u00a0\u00bb2px\u00a0\u00bb border_color_bottom=\u00a0\u00bb#61C6C6&Prime; global_colors_info=\u00a0\u00bb{}\u00a0\u00bb][et_pb_column type=\u00a0\u00bb2_5&Prime; _builder_version=\u00a0\u00bb4.16&Prime; _module_preset=\u00a0\u00bbdefault\u00a0\u00bb global_colors_info=\u00a0\u00bb{}\u00a0\u00bb][et_pb_gallery gallery_ids=\u00a0\u00bb6248,5605,5601&Prime; fullwidth=\u00a0\u00bbon\u00a0\u00bb _builder_version=\u00a0\u00bb4.27.4&Prime; _module_preset=\u00a0\u00bbdefault\u00a0\u00bb border_radii=\u00a0\u00bbon|20px|20px|20px|20px\u00a0\u00bb border_width_bottom=\u00a0\u00bb8px\u00a0\u00bb border_color_bottom=\u00a0\u00bb#61C6C6&Prime; border_width_left=\u00a0\u00bb8px\u00a0\u00bb border_color_left=\u00a0\u00bb#61C6C6&Prime; global_colors_info=\u00a0\u00bb{}\u00a0\u00bb][\/et_pb_gallery][et_pb_button button_url=\u00a0\u00bbhttps:\/\/recoverynestcare.es\/fr\/reserver\/\u00a0\u00bb button_text=\u00a0\u00bbR\u00e9server maintenant\u00a0\u00bb button_alignment=\u00a0\u00bbcenter\u00a0\u00bb _builder_version=\u00a0\u00bb4.27.4&Prime; _module_preset=\u00a0\u00bbdefault\u00a0\u00bb custom_button=\u00a0\u00bbon\u00a0\u00bb button_text_size=\u00a0\u00bb22px\u00a0\u00bb button_text_color=\u00a0\u00bb#FFFFFF\u00a0\u00bb button_bg_color=\u00a0\u00bb#378189&Prime; button_border_width=\u00a0\u00bb3px\u00a0\u00bb button_border_color=\u00a0\u00bb#61C6C6&Prime; global_colors_info=\u00a0\u00bb{}\u00a0\u00bb button_bg_color__hover_enabled=\u00a0\u00bbon|desktop\u00a0\u00bb button_bg_color__hover=\u00a0\u00bb#61C6C6&Prime; button_bg_enable_color__hover=\u00a0\u00bbon\u00a0\u00bb][\/et_pb_button][\/et_pb_column][et_pb_column type=\u00a0\u00bb3_5&Prime; _builder_version=\u00a0\u00bb4.16&Prime; _module_preset=\u00a0\u00bbdefault\u00a0\u00bb global_colors_info=\u00a0\u00bb{}\u00a0\u00bb][et_pb_text _builder_version=\u00a0\u00bb4.27.4&Prime; _module_preset=\u00a0\u00bbdefault\u00a0\u00bb header_2_text_color=\u00a0\u00bb#378189&Prime; header_2_font_size=\u00a0\u00bb32px\u00a0\u00bb header_2_line_height=\u00a0\u00bb1.6em\u00a0\u00bb custom_margin=\u00a0\u00bb||3px|||\u00a0\u00bb global_colors_info=\u00a0\u00bb{}\u00a0\u00bb]<\/p>\n<h2>250\u20ac \/ jour<\/h2>\n<p>[\/et_pb_text][et_pb_text _builder_version=\u00a0\u00bb4.27.4&Prime; _module_preset=\u00a0\u00bbdefault\u00a0\u00bb custom_padding=\u00a0\u00bb20px||||false|false\u00a0\u00bb border_width_top=\u00a0\u00bb2px\u00a0\u00bb border_color_top=\u00a0\u00bb#61C6C6&Prime; global_colors_info=\u00a0\u00bb{}\u00a0\u00bb]<\/p>\n<p>Hospitalisation en chambre individuelle avec sonnette pour pr\u00e9venir l&rsquo;infirmi\u00e8re, un lit articul\u00e9 et un canap\u00e9\/lit pour un accompagnant.<\/p>\n<p>&nbsp;<\/p>\n<ul>\n<li>Assistance par \u00e9quipe m\u00e9dicale.<\/li>\n<li>Assistance par une \u00e9quipe de personnel infirmier sp\u00e9cialis\u00e9 et de personnel auxiliaire de sant\u00e9.<\/li>\n<li>Actes infirmiers : r\u00e9alisation de pansements et contr\u00f4le du drainage.<\/li>\n<li>Massage lymphatique et pressoth\u00e9rapie.<\/li>\n<li>M\u00e9decin de garde 24 heures sur 24.<\/li>\n<li>Traitement postop\u00e9ratoire par m\u00e9dicaments oraux et par liquides.<\/li>\n<li>Pension compl\u00e8te pour le patient (r\u00e9gimes pr\u00e9par\u00e9s par lui-m\u00eame).<\/li>\n<li>Soins personnels de base : entretien, bain quotidien et hydratation de la peau, soins posturaux\u2026<\/li>\n<li>Linge personnel en machines \u00e0 laver industrielles.<\/li>\n<li>WIFI et TV dans la chambre.<\/li>\n<li><span style=\"font-weight: 400;\">Salle de bain priv\u00e9e dans une pi\u00e8ce sans barri\u00e8res architecturales<\/span><span style=\"font-weight: 400;\"><\/span><\/li>\n<li>Changement quotidien de lingerie.<\/li>\n<li>Coffre-fort.<\/li>\n<li>Communication quotidienne avec votre chirurgien pour contr\u00f4ler les incidents.<\/li>\n<li>D\u00e9livrance d&rsquo;un rapport m\u00e9dical \u00e0 la sortie.<\/li>\n<\/ul>\n<p>[\/et_pb_text][\/et_pb_column][\/et_pb_row][et_pb_row column_structure=\u00a0\u00bb1_2,1_2&Prime; _builder_version=\u00a0\u00bb4.27.4&Prime; _module_preset=\u00a0\u00bbdefault\u00a0\u00bb global_colors_info=\u00a0\u00bb{}\u00a0\u00bb][et_pb_column type=\u00a0\u00bb1_2&Prime; _builder_version=\u00a0\u00bb4.27.4&Prime; _module_preset=\u00a0\u00bbdefault\u00a0\u00bb global_colors_info=\u00a0\u00bb{}\u00a0\u00bb][et_pb_text _builder_version=\u00a0\u00bb4.27.4&Prime; _module_preset=\u00a0\u00bbdefault\u00a0\u00bb text_text_color=\u00a0\u00bb#378189&Prime; text_font_size=\u00a0\u00bb30px\u00a0\u00bb header_3_text_color=\u00a0\u00bb#378189&Prime; header_3_font_size=\u00a0\u00bb30px\u00a0\u00bb global_colors_info=\u00a0\u00bb{}\u00a0\u00bb]<\/p>\n<h3>SERVICES SANITAIRES NON INCLUS DANS LE PRIX DU S\u00c9JOUR\/JOUR<\/h3>\n<p>[\/et_pb_text][et_pb_text _builder_version=\u00a0\u00bb4.27.4&Prime; _module_preset=\u00a0\u00bbdefault\u00a0\u00bb global_colors_info=\u00a0\u00bb{}\u00a0\u00bb]<\/p>\n<ul>\n<li> M\u00e9dicaments hospitaliers et m\u00e9dicaments intraveineux.<\/li>\n<li>S\u00e9ances en caisson hyperbare*. (sur prescription du chirurgien. 125\u20ac\/s\u00e9ance) <strong>CONSULTER LES BONS DE R\u00c9DUCTION.<\/strong> <\/li>\n<li>Compl\u00e9ments alimentaires.<\/li>\n<li>Centre Th\u00e9rapies : Physioth\u00e9rapie et Psychologie.<\/li>\n<li>\u00c9lectrocardiogramme et analyse clinique.<\/li>\n<li>A\u00e9rosolth\u00e9rapie et oxyg\u00e9noth\u00e9rapie.<\/li>\n<li>Service de radiologie et laboratoire de neurophysiologie.<\/li>\n<li>Transferts ambulanciers <strong>(sauf premi\u00e8re orientation de l&rsquo;h\u00f4pital chirurgical pour les s\u00e9jours sup\u00e9rieurs \u00e0 5 jours).<\/strong><\/li>\n<li>Examens d&rsquo;imagerie sp\u00e9ciaux : CT, IRM, PET,&#8230; (Service Concert\u00e9).<\/li>\n<li>Mat\u00e9riel orthop\u00e9dique.<\/li>\n<li>Consultations sur les sp\u00e9cialit\u00e9s m\u00e9dicales.<\/li>\n<li>Service de podologie.<\/li>\n<\/ul>\n<p>[\/et_pb_text][\/et_pb_column][et_pb_column type=\u00a0\u00bb1_2&Prime; _builder_version=\u00a0\u00bb4.27.4&Prime; _module_preset=\u00a0\u00bbdefault\u00a0\u00bb global_colors_info=\u00a0\u00bb{}\u00a0\u00bb][et_pb_text _builder_version=\u00a0\u00bb4.27.4&Prime; _module_preset=\u00a0\u00bbdefault\u00a0\u00bb text_text_color=\u00a0\u00bb#378189&Prime; text_font_size=\u00a0\u00bb30px\u00a0\u00bb header_3_text_color=\u00a0\u00bb#378189&Prime; header_3_font_size=\u00a0\u00bb30px\u00a0\u00bb global_colors_info=\u00a0\u00bb{}\u00a0\u00bb]<\/p>\n<h3>AUTRES SERVICES H\u00d4TELIERS<\/h3>\n<p>[\/et_pb_text][et_pb_text _builder_version=\u00a0\u00bb4.27.4&Prime; _module_preset=\u00a0\u00bbdefault\u00a0\u00bb global_colors_info=\u00a0\u00bb{}\u00a0\u00bb]<\/p>\n<ul>\n<li>Service de manucure et p\u00e9dicure.<\/li>\n<li>Service de distribution automatique.<\/li>\n<li>Service de coiffure.<\/li>\n<li>Admission pr\u00e9op\u00e9ratoire.<\/li>\n<li>Services personnalis\u00e9s (consulter).<\/li>\n<li>Gestion des transferts.<\/li>\n<\/ul>\n<p><span style=\"text-decoration: underline;\"><strong>La manucure, la coiffure et les transferts sont inclus \u00e0 partir d&rsquo;une r\u00e9servation de 4 nuits. <\/strong><\/span><\/p>\n<p>[\/et_pb_text][\/et_pb_column][\/et_pb_row][et_pb_row column_structure=\u00a0\u00bb1_3,1_3,1_3&Prime; _builder_version=\u00a0\u00bb4.27.4&Prime; _module_preset=\u00a0\u00bbdefault\u00a0\u00bb global_colors_info=\u00a0\u00bb{}\u00a0\u00bb][et_pb_column type=\u00a0\u00bb1_3&Prime; _builder_version=\u00a0\u00bb4.27.4&Prime; _module_preset=\u00a0\u00bbdefault\u00a0\u00bb global_colors_info=\u00a0\u00bb{}\u00a0\u00bb][et_pb_image src=\u00a0\u00bbhttps:\/\/recoverynestcare.es\/wp-content\/uploads\/2025\/01\/Mujer-en-camilla-con-movil.webp\u00a0\u00bb title_text=\u00a0\u00bbMujer-en-camilla-con-movil\u00a0\u00bb show_in_lightbox=\u00a0\u00bbon\u00a0\u00bb _builder_version=\u00a0\u00bb4.27.4&Prime; _module_preset=\u00a0\u00bbdefault\u00a0\u00bb border_radii=\u00a0\u00bbon|10px|10px|10px|10px\u00a0\u00bb border_width_bottom=\u00a0\u00bb5px\u00a0\u00bb border_color_bottom=\u00a0\u00bb#61C6C6&Prime; border_width_left=\u00a0\u00bb5px\u00a0\u00bb border_color_left=\u00a0\u00bb#61C6C6&Prime; global_colors_info=\u00a0\u00bb{}\u00a0\u00bb][\/et_pb_image][\/et_pb_column][et_pb_column type=\u00a0\u00bb1_3&Prime; _builder_version=\u00a0\u00bb4.27.4&Prime; _module_preset=\u00a0\u00bbdefault\u00a0\u00bb global_colors_info=\u00a0\u00bb{}\u00a0\u00bb][et_pb_image src=\u00a0\u00bbhttps:\/\/recoverynestcare.es\/wp-content\/uploads\/2025\/02\/habitacion-estandar-rn-e1739786049847.webp\u00a0\u00bb title_text=\u00a0\u00bbhabitaci\u00f3n-estandar-rn\u00a0\u00bb show_in_lightbox=\u00a0\u00bbon\u00a0\u00bb force_fullwidth=\u00a0\u00bbon\u00a0\u00bb _builder_version=\u00a0\u00bb4.27.4&Prime; _module_preset=\u00a0\u00bbdefault\u00a0\u00bb border_radii=\u00a0\u00bbon|10px|10px|10px|10px\u00a0\u00bb border_width_bottom=\u00a0\u00bb5px\u00a0\u00bb border_color_bottom=\u00a0\u00bb#61C6C6&Prime; border_width_left=\u00a0\u00bb5px\u00a0\u00bb border_color_left=\u00a0\u00bb#61C6C6&Prime; global_colors_info=\u00a0\u00bb{}\u00a0\u00bb][\/et_pb_image][\/et_pb_column][et_pb_column type=\u00a0\u00bb1_3&Prime; _builder_version=\u00a0\u00bb4.27.4&Prime; _module_preset=\u00a0\u00bbdefault\u00a0\u00bb global_colors_info=\u00a0\u00bb{}\u00a0\u00bb][et_pb_image src=\u00a0\u00bbhttps:\/\/recoverynestcare.es\/wp-content\/uploads\/2025\/01\/paciente-en-el-hospital-siendo-atendida.webp\u00a0\u00bb title_text=\u00a0\u00bbpaciente-en-el-hospital-siendo-atendida\u00a0\u00bb show_in_lightbox=\u00a0\u00bbon\u00a0\u00bb _builder_version=\u00a0\u00bb4.27.4&Prime; _module_preset=\u00a0\u00bbdefault\u00a0\u00bb border_radii=\u00a0\u00bbon|10px|10px|10px|10px\u00a0\u00bb border_width_bottom=\u00a0\u00bb5px\u00a0\u00bb border_color_bottom=\u00a0\u00bb#61C6C6&Prime; border_width_left=\u00a0\u00bb5px\u00a0\u00bb border_color_left=\u00a0\u00bb#61C6C6&Prime; global_colors_info=\u00a0\u00bb{}\u00a0\u00bb][\/et_pb_image][\/et_pb_column][\/et_pb_row][\/et_pb_section]<\/p>\n","protected":false},"excerpt":{"rendered":"<p>Chambre Standard250\u20ac \/ jourHospitalisation en chambre individuelle avec sonnette pour pr\u00e9venir l&rsquo;infirmi\u00e8re, un lit articul\u00e9 et un canap\u00e9\/lit pour un accompagnant. &nbsp; Assistance par \u00e9quipe m\u00e9dicale. Assistance par une \u00e9quipe de personnel infirmier sp\u00e9cialis\u00e9 et de personnel auxiliaire de sant\u00e9. Actes infirmiers : r\u00e9alisation de pansements et contr\u00f4le du drainage. Massage lymphatique et pressoth\u00e9rapie. M\u00e9decin [&hellip;]<\/p>\n","protected":false},"author":2,"featured_media":0,"parent":0,"menu_order":0,"comment_status":"closed","ping_status":"closed","template":"","meta":{"_et_pb_use_builder":"on","_et_pb_old_content":"","_et_gb_content_width":"","_joinchat":[],"footnotes":""},"class_list":["post-5938","page","type-page","status-publish","hentry"],"_links":{"self":[{"href":"https:\/\/recoverynestcare.es\/fr\/wp-json\/wp\/v2\/pages\/5938","targetHints":{"allow":["GET"]}}],"collection":[{"href":"https:\/\/recoverynestcare.es\/fr\/wp-json\/wp\/v2\/pages"}],"about":[{"href":"https:\/\/recoverynestcare.es\/fr\/wp-json\/wp\/v2\/types\/page"}],"author":[{"embeddable":true,"href":"https:\/\/recoverynestcare.es\/fr\/wp-json\/wp\/v2\/users\/2"}],"replies":[{"embeddable":true,"href":"https:\/\/recoverynestcare.es\/fr\/wp-json\/wp\/v2\/comments?post=5938"}],"version-history":[{"count":24,"href":"https:\/\/recoverynestcare.es\/fr\/wp-json\/wp\/v2\/pages\/5938\/revisions"}],"predecessor-version":[{"id":6385,"href":"https:\/\/recoverynestcare.es\/fr\/wp-json\/wp\/v2\/pages\/5938\/revisions\/6385"}],"wp:attachment":[{"href":"https:\/\/recoverynestcare.es\/fr\/wp-json\/wp\/v2\/media?parent=5938"}],"curies":[{"name":"wp","href":"https:\/\/api.w.org\/{rel}","templated":true}]}}