{"id":5961,"date":"2025-01-23T10:17:37","date_gmt":"2025-01-23T09:17:37","guid":{"rendered":"https:\/\/recoverynestcare.es\/services\/"},"modified":"2025-02-17T10:54:29","modified_gmt":"2025-02-17T09:54:29","slug":"services","status":"publish","type":"page","link":"https:\/\/recoverynestcare.es\/fr\/services\/","title":{"rendered":"Services"},"content":{"rendered":"<p>[et_pb_section fb_built=\u00a0\u00bb1&Prime; _builder_version=\u00a0\u00bb4.27.4&Prime; _module_preset=\u00a0\u00bbdefault\u00a0\u00bb background_color=\u00a0\u00bbrgba(27,33,50,0.66)\u00a0\u00bb background_image=\u00a0\u00bbhttps:\/\/recoverynestcare.es\/wp-content\/uploads\/2025\/01\/Mujer-en-camilla-con-movil.webp\u00a0\u00bb background_position=\u00a0\u00bbbottom_center\u00a0\u00bb background_blend=\u00a0\u00bboverlay\u00a0\u00bb custom_padding=\u00a0\u00bb70px||70px||true|\u00a0\u00bb global_colors_info=\u00a0\u00bb{}\u00a0\u00bb][et_pb_row _builder_version=\u00a0\u00bb4.16&Prime; _module_preset=\u00a0\u00bbdefault\u00a0\u00bb global_colors_info=\u00a0\u00bb{}\u00a0\u00bb][et_pb_column type=\u00a0\u00bb4_4&Prime; _builder_version=\u00a0\u00bb4.16&Prime; _module_preset=\u00a0\u00bbdefault\u00a0\u00bb global_colors_info=\u00a0\u00bb{}\u00a0\u00bb][et_pb_text _builder_version=\u00a0\u00bb4.27.4&Prime; _module_preset=\u00a0\u00bbdefault\u00a0\u00bb header_text_color=\u00a0\u00bb#ffffff\u00a0\u00bb header_font_size=\u00a0\u00bb50px\u00a0\u00bb custom_margin=\u00a0\u00bb||12px|||\u00a0\u00bb global_colors_info=\u00a0\u00bb{}\u00a0\u00bb]<\/p>\n<h1>Services<\/h1>\n<p>[\/et_pb_text][\/et_pb_column][\/et_pb_row][\/et_pb_section][et_pb_section fb_built=\u00a0\u00bb1&Prime; _builder_version=\u00a0\u00bb4.27.4&Prime; _module_preset=\u00a0\u00bbdefault\u00a0\u00bb custom_padding=\u00a0\u00bb5px|||||\u00a0\u00bb global_colors_info=\u00a0\u00bb{}\u00a0\u00bb][et_pb_row _builder_version=\u00a0\u00bb4.27.4&Prime; _module_preset=\u00a0\u00bbdefault\u00a0\u00bb global_colors_info=\u00a0\u00bb{}\u00a0\u00bb][et_pb_column type=\u00a0\u00bb4_4&Prime; _builder_version=\u00a0\u00bb4.27.4&Prime; _module_preset=\u00a0\u00bbdefault\u00a0\u00bb global_colors_info=\u00a0\u00bb{}\u00a0\u00bb][et_pb_text _builder_version=\u00a0\u00bb4.27.4&Prime; _module_preset=\u00a0\u00bbdefault\u00a0\u00bb header_3_text_color=\u00a0\u00bb#378189&Prime; header_3_font_size=\u00a0\u00bb40px\u00a0\u00bb custom_margin=\u00a0\u00bb||-23px|||\u00a0\u00bb global_colors_info=\u00a0\u00bb{}\u00a0\u00bb]<\/p>\n<h3 style=\"text-align: center;\">Nos chambres disponibles<\/h3>\n<p>[\/et_pb_text][\/et_pb_column][\/et_pb_row][et_pb_row column_structure=\u00a0\u00bb1_2,1_2&Prime; _builder_version=\u00a0\u00bb4.27.4&Prime; _module_preset=\u00a0\u00bbdefault\u00a0\u00bb min_height=\u00a0\u00bb583px\u00a0\u00bb global_colors_info=\u00a0\u00bb{}\u00a0\u00bb][et_pb_column type=\u00a0\u00bb1_2&Prime; _builder_version=\u00a0\u00bb4.27.4&Prime; _module_preset=\u00a0\u00bbdefault\u00a0\u00bb global_colors_info=\u00a0\u00bb{}\u00a0\u00bb][et_pb_blurb title=\u00a0\u00bbChambre Standard\u00a0\u00bb url=\u00a0\u00bbhttps:\/\/recoverynestcare.es\/fr\/chambre-standard\/\u00a0\u00bb image=\u00a0\u00bbhttps:\/\/recoverynestcare.es\/wp-content\/uploads\/2025\/02\/habitacion-estandar-rn-e1739786049847.webp\u00a0\u00bb _builder_version=\u00a0\u00bb4.27.4&Prime; _module_preset=\u00a0\u00bbdefault\u00a0\u00bb header_text_align=\u00a0\u00bbcenter\u00a0\u00bb header_text_color=\u00a0\u00bb#378189&Prime; header_font_size=\u00a0\u00bb25px\u00a0\u00bb body_text_align=\u00a0\u00bbleft\u00a0\u00bb custom_padding=\u00a0\u00bb20px|20px|20px|20px|true|true\u00a0\u00bb link_option_url=\u00a0\u00bbhttps:\/\/recoverynestcare.es\/fr\/chambre-standard\/\u00a0\u00bb hover_enabled=\u00a0\u00bb0&Prime; border_radii=\u00a0\u00bbon|10px|10px|10px|10px\u00a0\u00bb border_width_all=\u00a0\u00bb2px\u00a0\u00bb border_color_all=\u00a0\u00bb#61C6C6&Prime; border_radii_image=\u00a0\u00bbon|10px|10px|10px|10px\u00a0\u00bb box_shadow_style=\u00a0\u00bbpreset3&Prime; global_colors_info=\u00a0\u00bb{}\u00a0\u00bb background__hover_enabled=\u00a0\u00bbon|hover\u00a0\u00bb background_color__hover=\u00a0\u00bbrgba(182,198,198,0.28)\u00a0\u00bb background_enable_color__hover=\u00a0\u00bbon\u00a0\u00bb transform_styles__hover_enabled=\u00a0\u00bbon|hover\u00a0\u00bb transform_scale__hover_enabled=\u00a0\u00bbon|hover\u00a0\u00bb transform_translate__hover_enabled=\u00a0\u00bbon|hover\u00a0\u00bb transform_rotate__hover_enabled=\u00a0\u00bbon|hover\u00a0\u00bb transform_skew__hover_enabled=\u00a0\u00bbon|hover\u00a0\u00bb transform_origin__hover_enabled=\u00a0\u00bbon|hover\u00a0\u00bb transform_scale__hover=\u00a0\u00bb103%|103%\u00a0\u00bb title_text=\u00a0\u00bbhabitaci\u00f3n-estandar-rn\u00a0\u00bb sticky_enabled=\u00a0\u00bb0&Prime;]<\/p>\n<p style=\"text-align: center;\">Hospitalisation en chambre individuelle avec sonnette pour pr\u00e9venir l&rsquo;infirmi\u00e8re, un lit articul\u00e9 et un canap\u00e9\/lit pour un accompagnant.<\/p>\n<p>[\/et_pb_blurb][\/et_pb_column][et_pb_column type=\u00a0\u00bb1_2&Prime; _builder_version=\u00a0\u00bb4.27.4&Prime; _module_preset=\u00a0\u00bbdefault\u00a0\u00bb global_colors_info=\u00a0\u00bb{}\u00a0\u00bb][et_pb_blurb title=\u00a0\u00bbSuite\u00a0\u00bb url=\u00a0\u00bbhttps:\/\/recoverynestcare.es\/fr\/suite\/\u00a0\u00bb image=\u00a0\u00bbhttps:\/\/recoverynestcare.es\/wp-content\/uploads\/2025\/02\/habitacion-dos-camillas-1.webp\u00a0\u00bb _builder_version=\u00a0\u00bb4.27.4&Prime; _module_preset=\u00a0\u00bbdefault\u00a0\u00bb header_text_align=\u00a0\u00bbcenter\u00a0\u00bb header_text_color=\u00a0\u00bb#378189&Prime; header_font_size=\u00a0\u00bb25px\u00a0\u00bb body_text_align=\u00a0\u00bbleft\u00a0\u00bb custom_padding=\u00a0\u00bb20px|20px|20px|20px|true|true\u00a0\u00bb link_option_url=\u00a0\u00bbhttps:\/\/recoverynestcare.es\/fr\/suite\/\u00a0\u00bb hover_enabled=\u00a0\u00bb0&Prime; border_radii=\u00a0\u00bbon|10px|10px|10px|10px\u00a0\u00bb border_width_all=\u00a0\u00bb2px\u00a0\u00bb border_color_all=\u00a0\u00bb#61C6C6&Prime; border_radii_image=\u00a0\u00bbon|10px|10px|10px|10px\u00a0\u00bb box_shadow_style=\u00a0\u00bbpreset3&Prime; global_colors_info=\u00a0\u00bb{}\u00a0\u00bb background_color__hover=\u00a0\u00bbrgba(182,198,198,0.28)\u00a0\u00bb background__hover_enabled=\u00a0\u00bbon|hover\u00a0\u00bb transform_styles__hover_enabled=\u00a0\u00bbon|hover\u00a0\u00bb transform_scale__hover=\u00a0\u00bb103%|103%\u00a0\u00bb transform_scale__hover_enabled=\u00a0\u00bbon|hover\u00a0\u00bb transform_translate__hover_enabled=\u00a0\u00bbon|hover\u00a0\u00bb transform_rotate__hover_enabled=\u00a0\u00bbon|hover\u00a0\u00bb transform_skew__hover_enabled=\u00a0\u00bbon|hover\u00a0\u00bb transform_origin__hover_enabled=\u00a0\u00bbon|hover\u00a0\u00bb background_enable_color__hover=\u00a0\u00bbon\u00a0\u00bb title_text=\u00a0\u00bbhabitacion-dos-camillas\u00a0\u00bb sticky_enabled=\u00a0\u00bb0&Prime;]<\/p>\n<p style=\"text-align: center;\">Hospitalisation en chambre individuelle avec sonnette d\u2019appel pour le personnel soignant, lit articul\u00e9 pour vous et votre accompagnant, et bien plus encore.<\/p>\n<p>[\/et_pb_blurb][\/et_pb_column][\/et_pb_row][et_pb_row _builder_version=\u00a0\u00bb4.27.4&Prime; _module_preset=\u00a0\u00bbdefault\u00a0\u00bb custom_padding=\u00a0\u00bb2px|||||\u00a0\u00bb global_colors_info=\u00a0\u00bb{}\u00a0\u00bb][et_pb_column type=\u00a0\u00bb4_4&Prime; _builder_version=\u00a0\u00bb4.27.4&Prime; _module_preset=\u00a0\u00bbdefault\u00a0\u00bb global_colors_info=\u00a0\u00bb{}\u00a0\u00bb][et_pb_blurb title=\u00a0\u00bbAutres services\u00a0\u00bb use_icon=\u00a0\u00bbon\u00a0\u00bb font_icon=\u00a0\u00bb&#x3f;||divi||400&Prime; icon_color=\u00a0\u00bb#61C6C6&Prime; _builder_version=\u00a0\u00bb4.27.4&Prime; _module_preset=\u00a0\u00bbdefault\u00a0\u00bb header_text_color=\u00a0\u00bb#378189&Prime; header_font_size=\u00a0\u00bb30px\u00a0\u00bb background_color=\u00a0\u00bb#FFFFFF\u00a0\u00bb text_orientation=\u00a0\u00bbcenter\u00a0\u00bb custom_padding=\u00a0\u00bb20px||20px||true|false\u00a0\u00bb border_radii=\u00a0\u00bbon|20px|20px|20px|20px\u00a0\u00bb border_radii_image=\u00a0\u00bbon|500px|500px|500px|500px\u00a0\u00bb box_shadow_style=\u00a0\u00bbpreset3&Prime; box_shadow_color=\u00a0\u00bb#61C6C6&Prime; global_colors_info=\u00a0\u00bb{}\u00a0\u00bb icon_color__hover_enabled=\u00a0\u00bboff|desktop\u00a0\u00bb icon_color__hover=\u00a0\u00bb#FFFFFF\u00a0\u00bb image_icon_background_color__hover_enabled=\u00a0\u00bboff|desktop\u00a0\u00bb image_icon_background_color__hover=\u00a0\u00bb#61C6C6&Prime; background__hover_enabled=\u00a0\u00bbon|desktop\u00a0\u00bb background_color__hover=\u00a0\u00bbrgba(182,198,198,0.14)\u00a0\u00bb background_enable_color__hover=\u00a0\u00bbon\u00a0\u00bb][\/et_pb_blurb][\/et_pb_column][\/et_pb_row][et_pb_row column_structure=\u00a0\u00bb1_2,1_2&Prime; _builder_version=\u00a0\u00bb4.27.4&Prime; _module_preset=\u00a0\u00bbdefault\u00a0\u00bb global_colors_info=\u00a0\u00bb{}\u00a0\u00bb][et_pb_column type=\u00a0\u00bb1_2&Prime; _builder_version=\u00a0\u00bb4.27.4&Prime; _module_preset=\u00a0\u00bbdefault\u00a0\u00bb global_colors_info=\u00a0\u00bb{}\u00a0\u00bb][et_pb_text _builder_version=\u00a0\u00bb4.27.4&Prime; _module_preset=\u00a0\u00bbdefault\u00a0\u00bb header_3_text_color=\u00a0\u00bb#378189&Prime; global_colors_info=\u00a0\u00bb{}\u00a0\u00bb]<\/p>\n<h3>SERVICES SANITAIRES NON INCLUS DANS LE PRIX DU S\u00c9JOUR\/JOUR<\/h3>\n<ul>\n<li>M\u00e9dicaments hospitaliers et m\u00e9dicaments intraveineux.<\/li>\n<li>S\u00e9ances en caisson hyperbare*. (sur prescription du chirurgien. 125\u20ac\/s\u00e9ance) <strong>CONSULTER LES BONS DE R\u00c9DUCTION.<\/strong> <\/li>\n<li>Compl\u00e9ments alimentaires.<\/li>\n<li>Centre Th\u00e9rapies : Physioth\u00e9rapie et Psychologie.<\/li>\n<li>\u00c9lectrocardiogramme et analyse clinique.<\/li>\n<li>A\u00e9rosolth\u00e9rapie et oxyg\u00e9noth\u00e9rapie.<\/li>\n<li>Service de radiologie et laboratoire de neurophysiologie.<\/li>\n<li>Transferts ambulanciers <strong>(sauf premi\u00e8re orientation de l&rsquo;h\u00f4pital chirurgical pour les s\u00e9jours sup\u00e9rieurs \u00e0 5 jours).<\/strong><\/li>\n<li>Examens d&rsquo;imagerie sp\u00e9ciaux : CT, IRM, PET,&#8230; (Service Concert\u00e9).<\/li>\n<li>Mat\u00e9riel orthop\u00e9dique.<\/li>\n<li>Consultations sur les sp\u00e9cialit\u00e9s m\u00e9dicales.<\/li>\n<li>Service de podologie.<\/li>\n<\/ul>\n<ul><\/ul>\n<p>[\/et_pb_text][\/et_pb_column][et_pb_column type=\u00a0\u00bb1_2&Prime; _builder_version=\u00a0\u00bb4.27.4&Prime; _module_preset=\u00a0\u00bbdefault\u00a0\u00bb global_colors_info=\u00a0\u00bb{}\u00a0\u00bb][et_pb_text _builder_version=\u00a0\u00bb4.27.4&Prime; _module_preset=\u00a0\u00bbdefault\u00a0\u00bb header_3_text_color=\u00a0\u00bb#378189&Prime; global_colors_info=\u00a0\u00bb{}\u00a0\u00bb]<\/p>\n<h3>AUTRES SERVICES H\u00d4TELIERS<\/h3>\n<ul>\n<li>Service de manucure et p\u00e9dicure.<\/li>\n<li>Service de distribution automatique.<\/li>\n<li>Service de coiffure.<\/li>\n<li>Pension compl\u00e8te pour l&rsquo;accompagnant.<\/li>\n<li>Admission pr\u00e9op\u00e9ratoire.<\/li>\n<li>Services personnalis\u00e9s (consulter).<\/li>\n<li>Gestion des transferts.<\/li>\n<li>Suite (consulter la disponibilit\u00e9)<\/li>\n<\/ul>\n<p><strong><span style=\"text-decoration: underline;\">La manucure, la coiffure et les transferts sont inclus \u00e0 partir d&rsquo;une r\u00e9servation de 4 nuits. <\/span><\/strong><\/p>\n<p>[\/et_pb_text][\/et_pb_column][\/et_pb_row][\/et_pb_section]<\/p>\n","protected":false},"excerpt":{"rendered":"<p>ServicesNos chambres disponiblesHospitalisation en chambre individuelle avec sonnette pour pr\u00e9venir l&rsquo;infirmi\u00e8re, un lit articul\u00e9 et un canap\u00e9\/lit pour un accompagnant.Hospitalisation en chambre individuelle avec sonnette d\u2019appel pour le personnel soignant, lit articul\u00e9 pour vous et votre accompagnant, et bien plus encore.SERVICES SANITAIRES NON INCLUS DANS LE PRIX DU S\u00c9JOUR\/JOUR M\u00e9dicaments hospitaliers et m\u00e9dicaments intraveineux. S\u00e9ances [&hellip;]<\/p>\n","protected":false},"author":2,"featured_media":0,"parent":0,"menu_order":0,"comment_status":"closed","ping_status":"closed","template":"","meta":{"_et_pb_use_builder":"on","_et_pb_old_content":"","_et_gb_content_width":"","_joinchat":[],"footnotes":""},"class_list":["post-5961","page","type-page","status-publish","hentry"],"_links":{"self":[{"href":"https:\/\/recoverynestcare.es\/fr\/wp-json\/wp\/v2\/pages\/5961","targetHints":{"allow":["GET"]}}],"collection":[{"href":"https:\/\/recoverynestcare.es\/fr\/wp-json\/wp\/v2\/pages"}],"about":[{"href":"https:\/\/recoverynestcare.es\/fr\/wp-json\/wp\/v2\/types\/page"}],"author":[{"embeddable":true,"href":"https:\/\/recoverynestcare.es\/fr\/wp-json\/wp\/v2\/users\/2"}],"replies":[{"embeddable":true,"href":"https:\/\/recoverynestcare.es\/fr\/wp-json\/wp\/v2\/comments?post=5961"}],"version-history":[{"count":6,"href":"https:\/\/recoverynestcare.es\/fr\/wp-json\/wp\/v2\/pages\/5961\/revisions"}],"predecessor-version":[{"id":6255,"href":"https:\/\/recoverynestcare.es\/fr\/wp-json\/wp\/v2\/pages\/5961\/revisions\/6255"}],"wp:attachment":[{"href":"https:\/\/recoverynestcare.es\/fr\/wp-json\/wp\/v2\/media?parent=5961"}],"curies":[{"name":"wp","href":"https:\/\/api.w.org\/{rel}","templated":true}]}}