{"id":5971,"date":"2025-02-12T10:50:52","date_gmt":"2025-02-12T09:50:52","guid":{"rendered":"https:\/\/recoverynestcare.es\/?page_id=5971"},"modified":"2025-02-24T11:51:43","modified_gmt":"2025-02-24T10:51:43","slug":"mentions-legales","status":"publish","type":"page","link":"https:\/\/recoverynestcare.es\/fr\/mentions-legales\/","title":{"rendered":"Mentions l\u00e9gales"},"content":{"rendered":"<p>[et_pb_section fb_built=\u00a0\u00bb1&Prime; admin_label=\u00a0\u00bbsection\u00a0\u00bb _builder_version=\u00a0\u00bb4.16&Prime; global_colors_info=\u00a0\u00bb{}\u00a0\u00bb][et_pb_row admin_label=\u00a0\u00bbrow\u00a0\u00bb _builder_version=\u00a0\u00bb4.16&Prime; background_size=\u00a0\u00bbinitial\u00a0\u00bb background_position=\u00a0\u00bbtop_left\u00a0\u00bb background_repeat=\u00a0\u00bbrepeat\u00a0\u00bb global_colors_info=\u00a0\u00bb{}\u00a0\u00bb][et_pb_column type=\u00a0\u00bb4_4&Prime; _builder_version=\u00a0\u00bb4.16&Prime; custom_padding=\u00a0\u00bb|||\u00a0\u00bb global_colors_info=\u00a0\u00bb{}\u00a0\u00bb custom_padding__hover=\u00a0\u00bb|||\u00a0\u00bb][et_pb_text _builder_version=\u00a0\u00bb4.27.4&Prime; _module_preset=\u00a0\u00bbdefault\u00a0\u00bb header_text_color=\u00a0\u00bb#378189&Prime; hover_enabled=\u00a0\u00bb0&Prime; global_colors_info=\u00a0\u00bb{}\u00a0\u00bb sticky_enabled=\u00a0\u00bb0&Prime;]<\/p>\n<h1 style=\"text-align: center;\">Mentions l\u00e9gales<\/h1>\n<ol>\n<li><span style=\"font-weight: 400;\">OBJET<\/span><\/li>\n<\/ol>\n<p><span style=\"font-weight: 400;\">Cet avis juridique r\u00e9git l&rsquo;utilisation et l&rsquo;exploitation du site Web (ci-apr\u00e8s le \u00ab SITE WEB \u00bb) https:\/\/recoverynestcare.es appartenant \u00e0 RECOVERY NESTCARE S.L. (ci-apr\u00e8s, le \u00ab PROPRI\u00c9TAIRE DU SITE WEB \u00bb).<\/span><\/p>\n<p><span style=\"font-weight: 400;\">La navigation sur le site Web du PROPRI\u00c9TAIRE DU SITE WEB vous attribue la condition d&rsquo;UTILISATEUR de celui-ci et implique votre acceptation pleine et sans r\u00e9serve de chacune des conditions publi\u00e9es dans le pr\u00e9sent avis l\u00e9gal, avertissant que lesdites conditions peuvent \u00eatre modifi\u00e9es sans pr\u00e9avis par le PROPRI\u00c9TAIRE DU SITE WEB, auquel cas elles seront publi\u00e9es et notifi\u00e9es le plus t\u00f4t possible.<\/span><\/p>\n<p><span style=\"font-weight: 400;\">Il est donc conseill\u00e9 de lire attentivement son contenu si vous souhaitez acc\u00e9der et utiliser les informations et services propos\u00e9s sur ce site.<\/span><\/p>\n<p><span style=\"font-weight: 400;\">L&rsquo;utilisateur s&rsquo;engage \u00e9galement \u00e0 faire un usage correct du site Web conform\u00e9ment \u00e0 la loi, \u00e0 la bonne foi, \u00e0 l&rsquo;ordre public, aux pratiques de circulation et au pr\u00e9sent avis juridique, et sera responsable envers le PROPRI\u00c9TAIRE DU SITE WEB ou envers des tiers de tout dommage qui pourrait \u00eatre caus\u00e9 en raison du non-respect de cette obligation.<\/span><\/p>\n<p><span style=\"font-weight: 400;\">Toute utilisation autre que celle autoris\u00e9e est express\u00e9ment interdite, et le PROPRI\u00c9TAIRE DU SITE WEB peut refuser ou retirer l&rsquo;acc\u00e8s et l&rsquo;utilisation \u00e0 tout moment.<\/span><\/p>\n<p><span style=\"font-weight: 400;\">\u00a0<\/span><\/p>\n<ol start=\"2\">\n<li><span style=\"font-weight: 400;\"> IDENTIFICATION<\/span><\/li>\n<\/ol>\n<p><span style=\"font-weight: 400;\">Le site Web https:\/\/recoverynestcare.es (ci-apr\u00e8s, le \u00ab SITE WEB \u00bb) est un espace Web destin\u00e9 \u00e0 l\u2019offre de services de s\u00e9jour et de surveillance m\u00e9dicale aux patients, ainsi qu\u2019\u00e0 la vente de produits li\u00e9s \u00e0 ce sujet, par le PROPRI\u00c9TAIRE DU SITE WEB.\u00a0<\/span><\/p>\n<p><span style=\"font-weight: 400;\">Le PROPRI\u00c9TAIRE DU SITE WEB, conform\u00e9ment \u00e0 la loi 34\/2002, du 11 juillet, sur les services de la soci\u00e9t\u00e9 de l&rsquo;information et du commerce \u00e9lectronique, ainsi qu&rsquo;\u00e0 la l\u00e9gislation en vigueur sur la protection des donn\u00e9es, en particulier, la loi organique 3\/2018, du 5 d\u00e9cembre, sur la protection des donn\u00e9es personnelles et la garantie des droits num\u00e9riques, ainsi qu&rsquo;\u00e0 la l\u00e9gislation en vigueur en mati\u00e8re de protection des donn\u00e9es contenue dans le r\u00e8glement (UE) 2016\/679 du Parlement europ\u00e9en et du Conseil, vous informe que :<\/span><\/p>\n<ul>\n<li><span style=\"font-weight: 400;\"> Nom du propri\u00e9taire : RECOVERY NESTCARE S.L.<\/span><\/li>\n<li><span style=\"font-weight: 400;\"> Num\u00e9ro d&rsquo;identification fiscale : B75820563<\/span><\/li>\n<li><span style=\"font-weight: 400;\"> Adresse : Avenida de los Arces, 12 bloc B, 1er, C.P : 28042 Madrid.<\/span><\/li>\n<li><span style=\"font-weight: 400;\">DPO: David Garc\u00eda Rodr\u00edguez<\/span><\/li>\n<\/ul>\n<p><span style=\"font-weight: 400;\">\u00a0<\/span><\/p>\n<ol start=\"3\">\n<li><span style=\"font-weight: 400;\"> COMMUNICATIONS<\/span><\/li>\n<\/ol>\n<p><span style=\"font-weight: 400;\">Pour communiquer avec nous, nous vous proposons diff\u00e9rents moyens de contact que nous d\u00e9taillons ci-dessous :<\/span><\/p>\n<ul>\n<li><span style=\"font-weight: 400;\"> Courriel : info@recoverynestcare.es<\/span><\/li>\n<li><span style=\"font-weight: 400;\"> T\u00e9l\u00e9phone : 680690813<\/span><\/li>\n<\/ul>\n<p><span style=\"font-weight: 400;\">Toutes les notifications et communications entre les utilisateurs et le PROPRI\u00c9TAIRE DU SITE WEB seront consid\u00e9r\u00e9es comme efficaces, \u00e0 toutes fins, lorsqu&rsquo;elles seront effectu\u00e9es par l&rsquo;un des moyens d\u00e9taill\u00e9s ci-dessus.<\/span><\/p>\n<p>&nbsp;<\/p>\n<ol start=\"4\">\n<li><span style=\"font-weight: 400;\"> CONDITIONS D&rsquo;ACC\u00c8S ET D&rsquo;UTILISATION<\/span><\/li>\n<\/ol>\n<p><span style=\"font-weight: 400;\">Le site et ses services sont gratuits et ouverts au public. Toutefois, le PROPRI\u00c9TAIRE DU SITE WEB peut conditionner l&rsquo;utilisation de certains des services propos\u00e9s sur son site Web au remplissage pr\u00e9alable du formulaire correspondant.<\/span><\/p>\n<p><span style=\"font-weight: 400;\">L&rsquo;utilisateur garantit l&rsquo;authenticit\u00e9 et l&rsquo;actualit\u00e9 de toutes les donn\u00e9es communiqu\u00e9es au PROPRI\u00c9TAIRE DU SITE WEB et sera seul responsable de toute d\u00e9claration fausse ou inexacte effectu\u00e9e.<\/span><\/p>\n<p><span style=\"font-weight: 400;\">L&rsquo;utilisateur s&rsquo;engage express\u00e9ment \u00e0 faire un usage appropri\u00e9 des contenus et services du PROPRI\u00c9TAIRE DU SITE WEB et \u00e0 ne pas les utiliser pour, entre autres :<\/span><\/p>\n<ul>\n<li><span style=\"font-weight: 400;\"> Diffuser des contenus criminels, violents, pornographiques, racistes, x\u00e9nophobes, offensants, faisant l\u2019apologie du terrorisme ou, en g\u00e9n\u00e9ral, contraires \u00e0 la loi ou \u00e0 l\u2019ordre public.<\/span><\/li>\n<li><span style=\"font-weight: 400;\"> Introduire des virus informatiques dans le r\u00e9seau ou effectuer des actions susceptibles d&rsquo;alt\u00e9rer, d&rsquo;endommager, d&rsquo;interrompre ou de g\u00e9n\u00e9rer des erreurs ou des dommages aux documents \u00e9lectroniques, aux donn\u00e9es ou aux syst\u00e8mes physiques et logiques du PROPRI\u00c9TAIRE DU SITE WEB ou de tiers ; ainsi que d&rsquo;entraver l&rsquo;acc\u00e8s des autres utilisateurs au site Web et \u00e0 ses services par la consommation massive des ressources informatiques \u00e0 travers lesquelles le PROPRI\u00c9TAIRE DU SITE WEB fournit ses services.<\/span><\/li>\n<li><span style=\"font-weight: 400;\"> Tenter d&rsquo;acc\u00e9der aux comptes de messagerie d&rsquo;autres utilisateurs ou aux zones restreintes des syst\u00e8mes informatiques du PROPRI\u00c9TAIRE DU SITE WEB ou de tiers et, le cas \u00e9ch\u00e9ant, extraire des informations.<\/span><\/li>\n<li><span style=\"font-weight: 400;\"> Violer les droits de propri\u00e9t\u00e9 intellectuelle ou industrielle, ainsi que violer la confidentialit\u00e9 des informations du PROPRI\u00c9TAIRE DU SITE WEB ou de tiers.<\/span><\/li>\n<li><span style=\"font-weight: 400;\"> Se faire passer pour un autre utilisateur.<\/span><\/li>\n<li><span style=\"font-weight: 400;\"> Reproduire, copier, distribuer, mettre \u00e0 disposition ou toute autre forme de communication publique, transformer ou modifier le contenu, sauf si vous disposez de l&rsquo;autorisation du PROPRI\u00c9TAIRE DU SITE WEB des droits correspondants ou si cela est l\u00e9galement autoris\u00e9.<\/span><\/li>\n<li><span style=\"font-weight: 400;\"> Collecter des donn\u00e9es \u00e0 des fins publicitaires et envoyer de la publicit\u00e9 de toute nature et des communications \u00e0 des fins de vente ou \u00e0 d&rsquo;autres fins commerciales sans votre demande ou consentement pr\u00e9alable.<\/span><\/li>\n<\/ul>\n<p><span style=\"font-weight: 400;\">Tout le contenu du site Web, tel que les textes, photographies, graphiques, images, ic\u00f4nes, technologie, logiciels, ainsi que sa conception graphique et ses codes sources, constituent une \u0153uvre dont la propri\u00e9t\u00e9 appartient au PROPRI\u00c9TAIRE DU SITE WEB, sans qu&rsquo;aucun des droits d&rsquo;exploitation sur eux ne soit cens\u00e9 \u00eatre transf\u00e9r\u00e9 \u00e0 l&rsquo;utilisateur au-del\u00e0 de ce qui est strictement n\u00e9cessaire \u00e0 l&rsquo;utilisation correcte du site Web.<\/span><\/p>\n<p><span style=\"font-weight: 400;\">En bref, les utilisateurs qui acc\u00e8dent \u00e0 ce site Web peuvent visualiser le contenu et, le cas \u00e9ch\u00e9ant, r\u00e9aliser des copies priv\u00e9es autoris\u00e9es \u00e0 condition que les \u00e9l\u00e9ments reproduits ne soient pas ult\u00e9rieurement c\u00e9d\u00e9s \u00e0 des tiers, ni install\u00e9s sur des serveurs connect\u00e9s \u00e0 des r\u00e9seaux, ni soumis \u00e0 aucun type d&rsquo;exploitation.<\/span><\/p>\n<p><span style=\"font-weight: 400;\">De m\u00eame, toutes les marques, noms commerciaux ou signes distinctifs de toute nature qui apparaissent sur le site Web sont la propri\u00e9t\u00e9 du PROPRI\u00c9TAIRE DU SITE WEB, et il ne peut \u00eatre entendu que l&rsquo;utilisation ou l&rsquo;acc\u00e8s \u00e0 ceux-ci conf\u00e8re \u00e0 l&rsquo;utilisateur un quelconque droit sur eux.<\/span><\/p>\n<p><span style=\"font-weight: 400;\">La distribution, la modification, la cession ou la communication publique du contenu et tout autre acte qui n&rsquo;a pas \u00e9t\u00e9 express\u00e9ment autoris\u00e9 par le PROPRI\u00c9TAIRE DU SITE WEB des droits d&rsquo;exploitation sont interdits.<\/span><\/p>\n<p><span style=\"font-weight: 400;\">L&rsquo;\u00e9tablissement d&rsquo;un hyperlien n&rsquo;implique en aucun cas l&rsquo;existence de relations entre le PROPRI\u00c9TAIRE DU SITE WEB et le propri\u00e9taire du site Web sur lequel il est \u00e9tabli, ni l&rsquo;acceptation et l&rsquo;approbation par le PROPRI\u00c9TAIRE DU SITE WEB de ses contenus ou services.<\/span><\/p>\n<p><span style=\"font-weight: 400;\">Le PROPRI\u00c9TAIRE DU SITE WEB n&rsquo;est pas responsable de l&rsquo;utilisation que chaque utilisateur fait des mat\u00e9riaux mis \u00e0 disposition sur ce site Web ou des actions effectu\u00e9es sur la base de ceux-ci.<\/span><\/p>\n<p>&nbsp;<\/p>\n<p><span style=\"font-weight: 400;\">4.1. EXCLUSION DE GARANTIES ET DE RESPONSABILIT\u00c9 EN MATI\u00c8RE D&rsquo;ACC\u00c8S ET D&rsquo;UTILISATION<\/span><\/p>\n<p><span style=\"font-weight: 400;\">Le contenu de ce site Web est de nature g\u00e9n\u00e9rale et a un but purement informatif, sans garantir pleinement l&rsquo;acc\u00e8s \u00e0 tout le contenu, ni son exhaustivit\u00e9, son exactitude, sa validit\u00e9 ou son actualit\u00e9, ni son ad\u00e9quation ou son utilit\u00e9 \u00e0 un but sp\u00e9cifique.<\/span><\/p>\n<p><span style=\"font-weight: 400;\">Le PROPRI\u00c9TAIRE DU SITE WEB exclut, dans la mesure permise par la loi, toute responsabilit\u00e9 pour les dommages de toute nature d\u00e9coulant :<\/span><\/p>\n<ul>\n<li><span style=\"font-weight: 400;\"> L&rsquo;impossibilit\u00e9 d&rsquo;acc\u00e9der au SITE WEB ou le manque de v\u00e9racit\u00e9, d&rsquo;exactitude, d&rsquo;exhaustivit\u00e9 et\/ou d&rsquo;actualit\u00e9 du contenu, ainsi que l&rsquo;existence de d\u00e9fauts et de vices de toute nature dans le contenu transmis, distribu\u00e9, stock\u00e9, mis \u00e0 disposition, accessible via le site Web ou les services propos\u00e9s.<\/span><\/li>\n<li><span style=\"font-weight: 400;\"> La pr\u00e9sence de virus ou d\u2019autres \u00e9l\u00e9ments dans le contenu pouvant entra\u00eener des alt\u00e9rations dans les syst\u00e8mes informatiques, les documents \u00e9lectroniques ou les donn\u00e9es des utilisateurs.<\/span><\/li>\n<li><span style=\"font-weight: 400;\"> Le non-respect des lois, de la bonne foi, de l\u2019ordre public, des pratiques de circulation et du pr\u00e9sent avis l\u00e9gal en raison d\u2019une utilisation incorrecte du SITE WEB. En particulier, et \u00e0 titre d&rsquo;exemple, le PROPRI\u00c9TAIRE DU SITE WEB n&rsquo;est pas responsable des actions de tiers qui violent les droits de propri\u00e9t\u00e9 intellectuelle et industrielle, les secrets commerciaux, les droits \u00e0 l&rsquo;honneur, \u00e0 la vie priv\u00e9e et familiale et \u00e0 sa propre image, ainsi que les r\u00e9glementations concernant la concurrence d\u00e9loyale et la publicit\u00e9 ill\u00e9gale.<\/span><\/li>\n<\/ul>\n<p><span style=\"font-weight: 400;\">De m\u00eame, le PROPRI\u00c9TAIRE DU SITE WEB d\u00e9cline toute responsabilit\u00e9 concernant les informations trouv\u00e9es en dehors de ce site Web et non g\u00e9r\u00e9es directement par notre webmaster. Le but des liens figurant sur ce site Web est exclusivement d&rsquo;informer l&rsquo;utilisateur de l&rsquo;existence d&rsquo;autres sources susceptibles d&rsquo;\u00e9largir le contenu propos\u00e9 par ce site Web. Le PROPRI\u00c9TAIRE DU SITE WEB ne garantit ni n&rsquo;assume la responsabilit\u00e9 du fonctionnement ou de l&rsquo;accessibilit\u00e9 des sites li\u00e9s ; il ne sugg\u00e8re, n&rsquo;invite ni ne recommande de les visiter, et ne sera donc pas responsable des r\u00e9sultats obtenus. LE PROPRI\u00c9TAIRE DU SITE WEB n&rsquo;est pas responsable de l&rsquo;\u00e9tablissement d&rsquo;hyperliens par des tiers.<\/span><\/p>\n<p><span style=\"font-weight: 400;\">4.2. PROC\u00c9DURE EN CAS D&rsquo;ACTIVIT\u00c9S ILL\u00c9GALES<\/span><\/p>\n<p><span style=\"font-weight: 400;\">Dans le cas o\u00f9 un utilisateur ou un tiers consid\u00e8re qu&rsquo;il existe des faits ou des circonstances qui r\u00e9v\u00e8lent le caract\u00e8re illicite de l&rsquo;utilisation de tout contenu et\/ou de la r\u00e9alisation de toute activit\u00e9 sur les pages Web incluses ou accessibles via le SITE WEB, il doit envoyer une notification au PROPRI\u00c9TAIRE DU SITE WEB, en s&rsquo;identifiant d\u00fbment et en sp\u00e9cifiant les infractions pr\u00e9sum\u00e9es.<\/span><\/p>\n<p><span style=\"font-weight: 400;\">\u00a0<\/span><\/p>\n<p><span style=\"font-weight: 400;\">4.3. PUBLICATIONS<\/span><\/p>\n<p><span style=\"font-weight: 400;\">Les informations administratives fournies \u00e0 travers le site web ne remplacent pas la publication l\u00e9gale des lois, r\u00e8glements, plans, dispositions g\u00e9n\u00e9rales et actes qui doivent \u00eatre formellement publi\u00e9s dans les journaux officiels des administrations publiques, qui constituent le seul instrument attestant de leur authenticit\u00e9 et de leur contenu. Les informations disponibles sur ce site doivent \u00eatre comprises comme un guide sans aucune validit\u00e9 juridique.<\/span><\/p>\n<p>&nbsp;<\/p>\n<ol start=\"5\">\n<li><span style=\"font-weight: 400;\"> CONDITIONS G\u00c9N\u00c9RALES D&rsquo;UTILISATION DES PROFILS SOCIAUX<\/span><\/li>\n<\/ol>\n<p><span style=\"font-weight: 400;\">Avec ces Conditions G\u00e9n\u00e9rales d&rsquo;Utilisation, le PROPRI\u00c9TAIRE DU SITE WEB entend que tous les utilisateurs finaux connaissent quels sont leurs droits et obligations \u00e0 partir du moment o\u00f9 ils visitent leurs profils sociaux sur Facebook, Twitter et\/ou tout r\u00e9seau social similaire.<\/span><\/p>\n<p><span style=\"font-weight: 400;\">De m\u00eame, le PROPRI\u00c9TAIRE DU SITE WEB informe les utilisateurs de leurs droits et obligations concernant le contenu affich\u00e9 \u00e0 travers leurs profils sociaux, les logos et les marques utilis\u00e9s, ainsi que les responsabilit\u00e9s pouvant d\u00e9couler de l&rsquo;utilisation du service.<\/span><\/p>\n<p><span style=\"font-weight: 400;\">Le PROPRI\u00c9TAIRE DU SITE WEB ne s&rsquo;engage pas \u00e0 informer les utilisateurs lorsque leurs commentaires et publications font l&rsquo;objet d&rsquo;une \u00e9dition et\/ou d&rsquo;une mod\u00e9ration ; Cependant, nous pouvons avertir et prendre les mesures appropri\u00e9es pour suspendre et expulser les utilisateurs qui soumettent \u00e0 plusieurs reprises du contenu inappropri\u00e9. Les utilisateurs qui effectuent les comportements susmentionn\u00e9s \u00e0 plusieurs reprises, apr\u00e8s avoir \u00e9t\u00e9 pr\u00e9alablement suspendus ou expuls\u00e9s du service, pourront se voir interdire l&rsquo;utilisation du profil social ind\u00e9finiment, ainsi que l&rsquo;acc\u00e8s au SITE WEB.<\/span><\/p>\n<p><span style=\"font-weight: 400;\">De m\u00eame, le PROPRI\u00c9TAIRE DU SITE WEB ne garantit pas la v\u00e9racit\u00e9, la fiabilit\u00e9, la validit\u00e9 ou l&rsquo;int\u00e9grit\u00e9 du contenu tiers contenu dans son profil social ou tout site li\u00e9. LE PROPRI\u00c9TAIRE DU SITE WEB n&rsquo;est pas responsable du contenu des sites Web non exploit\u00e9s par le SITE WEB.<\/span><\/p>\n<p><span style=\"font-weight: 400;\">Les informations fournies via le profil du PROPRI\u00c9TAIRE DU SITE WEB sur les r\u00e9seaux sociaux ne peuvent pas \u00eatre identifi\u00e9es avec les conseils professionnels fournis par le SITE WEB.<\/span><\/p>\n<p><span style=\"font-weight: 400;\">Les utilisateurs doivent demander des conseils professionnels appropri\u00e9s en fonction de leurs circonstances et de leurs questions sp\u00e9cifiques, afin d&rsquo;obtenir une efficacit\u00e9 maximale des mesures adopt\u00e9es, en consultant les professionnels qui composent la page.<\/span><\/p>\n<p><span style=\"font-weight: 400;\">Une fois que l&rsquo;utilisateur commence \u00e0 suivre le profil social du SITE WEB, \u00e0 travers les canaux dans lesquels il est immerg\u00e9, il peut publier des commentaires, des liens, des images ou des photographies ou tout autre type de contenu, selon les conditions du r\u00e9seau social lui-m\u00eame. Dans tous les cas, l&rsquo;utilisateur doit en \u00eatre le propri\u00e9taire, jouir des droits d&rsquo;exploitation de la propri\u00e9t\u00e9 intellectuelle ou avoir le consentement des tiers concern\u00e9s.\u00a0<\/span><\/p>\n<p><span style=\"font-weight: 400;\">L&rsquo;utilisateur qui d\u00e9cide de partager du contenu sur le profil social du SITE doit \u00eatre conscient que ses publications seront accessibles et donc connues des autres utilisateurs, et qu&rsquo;il en sera donc seul responsable, ainsi que des implications que cela peut avoir sur sa vie priv\u00e9e.<\/span><\/p>\n<p><span style=\"font-weight: 400;\">Toute publication sur le profil social du SITE INTERNET qui contreviendrait \u00e0 la loi, aux bonnes m\u0153urs ou \u00e0 l&rsquo;ordre public, que ce soit en termes de contenu ou de droit d&rsquo;auteur ou d&rsquo;image, est express\u00e9ment interdite. Dans ces cas, le PROPRI\u00c9TAIRE DU SITE WEB se r\u00e9serve le droit de supprimer le contenu et peut demander le blocage permanent de l&rsquo;utilisateur qui l&rsquo;a publi\u00e9.<\/span><\/p>\n<p><span style=\"font-weight: 400;\">LE PROPRI\u00c9TAIRE DU SITE WEB peut utiliser ses profils de m\u00e9dias sociaux pour promouvoir ses propres produits et services. Dans tous les cas, si nous d\u00e9cidons de traiter vos donn\u00e9es de contact (profil d&rsquo;utilisateur du r\u00e9seau social et\/ou email) pour r\u00e9aliser des actions de prospection commerciale directe, cela sera toujours dans le respect des exigences l\u00e9gales de la loi organique 3\/2018, du 5 d\u00e9cembre, sur la protection des donn\u00e9es personnelles et la garantie des droits num\u00e9riques, ainsi que de la l\u00e9gislation en vigueur en mati\u00e8re de protection des donn\u00e9es incluse dans le r\u00e8glement (UE) 2016\/679 du Parlement europ\u00e9en et du Conseil et la LSSI-CE.<\/span><\/p>\n<p><span style=\"font-weight: 400;\">Le fait de recommander les profils sociaux du SITE WEB \u00e0 d&rsquo;autres utilisateurs afin qu&rsquo;ils puissent \u00e9galement \u00eatre inform\u00e9s de son activit\u00e9 ne sera pas consid\u00e9r\u00e9 comme de la publicit\u00e9.<\/span><\/p>\n<p><span style=\"font-weight: 400;\">LE PROPRI\u00c9TAIRE DU SITE WEB n&rsquo;autorise pas l&rsquo;\u00e9tablissement d&rsquo;un lien vers le SITE WEB \u00e0 partir de pages contenant des \u00e9l\u00e9ments contraires \u00e0 la loi, \u00e0 la morale ou \u00e0 l&rsquo;ordre public.<\/span><\/p>\n<p><span style=\"font-weight: 400;\">Tout ce qui pr\u00e9c\u00e8de sera applicable aux pages Web dans lesquelles appara\u00eet le contenu du SITE WEB autoris\u00e9 par le PROPRI\u00c9TAIRE DU SITE WEB, en tant que plates-formes de reproduction du programme.<\/span><\/p>\n<p>&nbsp;<\/p>\n<ol start=\"6\">\n<li><span style=\"font-weight: 400;\"> CONFIDENTIALIT\u00c9 ET PROTECTION DES DONN\u00c9ES<\/span><\/li>\n<\/ol>\n<p><span style=\"font-weight: 400;\">Vous pouvez consulter toutes les informations concernant la protection des donn\u00e9es sur le site Web dans sa politique de confidentialit\u00e9 \u00e0 l&rsquo;adresse https:\/\/recoverynestcare.es\/politica-de-privacidad\/.<\/span><\/p>\n<p><span style=\"font-weight: 400;\">\u00a0<\/span><\/p>\n<ol start=\"7\">\n<li><span style=\"font-weight: 400;\"> MODIFICATIONS DES CONDITIONS GENERALES D&rsquo;UTILISATION<\/span><\/li>\n<\/ol>\n<p><span style=\"font-weight: 400;\">Le PROPRI\u00c9TAIRE DU SITE WEB se r\u00e9serve le droit d&rsquo;apporter les modifications qu&rsquo;il juge appropri\u00e9es au portail et aux mentions l\u00e9gales sans pr\u00e9avis, et peut modifier, supprimer ou ajouter du contenu et des services fournis via le site Web, ainsi que la mani\u00e8re dont ils sont pr\u00e9sent\u00e9s.<\/span><\/p>\n<p><span style=\"font-weight: 400;\">\u00a0<\/span><\/p>\n<ol start=\"8\">\n<li><span style=\"font-weight: 400;\"> DROIT D&rsquo;EXCLUSION<\/span><\/li>\n<\/ol>\n<p><span style=\"font-weight: 400;\">Le PROPRI\u00c9TAIRE DU SITE WEB se r\u00e9serve le droit de refuser ou de retirer l&rsquo;acc\u00e8s au portail et\/ou aux services offerts sans pr\u00e9avis, \u00e0 sa propre demande ou \u00e0 celle d&rsquo;un tiers, aux utilisateurs qui ne respectent pas les pr\u00e9sentes Conditions G\u00e9n\u00e9rales d&rsquo;Utilisation.<\/span><\/p>\n<p><span style=\"font-weight: 400;\">\u00a0<\/span><\/p>\n<ol start=\"9\">\n<li><span style=\"font-weight: 400;\"> L\u00c9GISLATION APPLICABLE<\/span><\/li>\n<\/ol>\n<p><span style=\"font-weight: 400;\">Les pr\u00e9sentes conditions seront r\u00e9gies par la l\u00e9gislation espagnole en vigueur.<\/span><\/p>\n<p><span style=\"font-weight: 400;\">La langue utilis\u00e9e sera l&rsquo;espagnol.<\/span><\/p>\n<p>[\/et_pb_text][\/et_pb_column][\/et_pb_row][\/et_pb_section]<\/p>\n","protected":false},"excerpt":{"rendered":"<p>Mentions l\u00e9gales OBJET Cet avis juridique r\u00e9git l&rsquo;utilisation et l&rsquo;exploitation du site Web (ci-apr\u00e8s le \u00ab SITE WEB \u00bb) https:\/\/recoverynestcare.es appartenant \u00e0 RECOVERY NESTCARE S.L. (ci-apr\u00e8s, le \u00ab PROPRI\u00c9TAIRE DU SITE WEB \u00bb). La navigation sur le site Web du PROPRI\u00c9TAIRE DU SITE WEB vous attribue la condition d&rsquo;UTILISATEUR de celui-ci et implique votre acceptation [&hellip;]<\/p>\n","protected":false},"author":2,"featured_media":0,"parent":0,"menu_order":0,"comment_status":"closed","ping_status":"closed","template":"","meta":{"_et_pb_use_builder":"on","_et_pb_old_content":"","_et_gb_content_width":"","_joinchat":[],"footnotes":""},"class_list":["post-5971","page","type-page","status-publish","hentry"],"_links":{"self":[{"href":"https:\/\/recoverynestcare.es\/fr\/wp-json\/wp\/v2\/pages\/5971","targetHints":{"allow":["GET"]}}],"collection":[{"href":"https:\/\/recoverynestcare.es\/fr\/wp-json\/wp\/v2\/pages"}],"about":[{"href":"https:\/\/recoverynestcare.es\/fr\/wp-json\/wp\/v2\/types\/page"}],"author":[{"embeddable":true,"href":"https:\/\/recoverynestcare.es\/fr\/wp-json\/wp\/v2\/users\/2"}],"replies":[{"embeddable":true,"href":"https:\/\/recoverynestcare.es\/fr\/wp-json\/wp\/v2\/comments?post=5971"}],"version-history":[{"count":4,"href":"https:\/\/recoverynestcare.es\/fr\/wp-json\/wp\/v2\/pages\/5971\/revisions"}],"predecessor-version":[{"id":6368,"href":"https:\/\/recoverynestcare.es\/fr\/wp-json\/wp\/v2\/pages\/5971\/revisions\/6368"}],"wp:attachment":[{"href":"https:\/\/recoverynestcare.es\/fr\/wp-json\/wp\/v2\/media?parent=5971"}],"curies":[{"name":"wp","href":"https:\/\/api.w.org\/{rel}","templated":true}]}}